{"id":2792,"date":"2026-04-24T13:40:05","date_gmt":"2026-04-24T13:40:05","guid":{"rendered":"https:\/\/hilpharakaspood.ee\/product\/ripats-mjolnir-lopmatussumboliga\/"},"modified":"2026-04-24T13:40:05","modified_gmt":"2026-04-24T13:40:05","slug":"ripats-mjolnir-lopmatussumboliga","status":"publish","type":"product","link":"https:\/\/hilpharakaspood.ee\/en\/product\/ripats-mjolnir-lopmatussumboliga\/","title":{"rendered":"Ripats &#8220;Mj\u00f6lnir L\u00f5pmatuss\u00fcmboliga&#8221;"},"content":{"rendered":"<p>Valmistatud t\u00e4ish\u00f5bedast 925. Mj\u00f6lnir detailse k\u00e4epidemega \u2013 varrel l\u00f5pmatuss\u00fcmbol ja haamri peal p\u00f5imunud s\u00f5lmemuster.<\/p>\n<ul>\n<li>Materjal: 925 h\u00f5be<\/li>\n<li>Kaal: <\/li>\n<\/ul>\n<p><em>Komplekti kuulub ainult ripats. Keti saab eraldi osta.<\/em><\/p>","protected":false},"excerpt":{"rendered":"<p>925 h\u00f5bedast Mj\u00f6lniri ripats l\u00f5pmatuss\u00fcmboliga \u2013 detailne k\u00e4epide ja graveeritud haamer.<\/p>","protected":false},"featured_media":2744,"template":"","meta":[],"product_brand":[],"product_cat":[121,93,112],"product_tag":[],"class_list":{"0":"post-2792","1":"product","2":"type-product","3":"status-publish","4":"has-post-thumbnail","6":"product_cat-hilpharakas","7":"product_cat-men","8":"product_cat-men-necklaces","10":"first","11":"instock","12":"shipping-taxable","13":"purchasable","14":"product-type-simple"},"yoast_head":"<!-- This site is optimized with the Yoast SEO plugin v27.4 - https:\/\/yoast.com\/product\/yoast-seo-wordpress\/ -->\n<title>Ripats &quot;Mj\u00f6lnir L\u00f5pmatuss\u00fcmboliga&quot; - Hilpharakas<\/title>\n<meta name=\"robots\" content=\"index, follow, max-snippet:-1, max-image-preview:large, max-video-preview:-1\" \/>\n<link rel=\"canonical\" href=\"https:\/\/hilpharakaspood.ee\/en\/product\/ripats-mjolnir-lopmatussumboliga\/\" \/>\n<meta property=\"og:locale\" content=\"en_US\" \/>\n<meta property=\"og:type\" content=\"article\" \/>\n<meta property=\"og:title\" content=\"Ripats &quot;Mj\u00f6lnir L\u00f5pmatuss\u00fcmboliga&quot; - Hilpharakas\" \/>\n<meta property=\"og:description\" content=\"925 h\u00f5bedast Mj\u00f6lniri ripats l\u00f5pmatuss\u00fcmboliga \u2013 detailne k\u00e4epide ja graveeritud haamer.\" \/>\n<meta property=\"og:url\" content=\"https:\/\/hilpharakaspood.ee\/en\/product\/ripats-mjolnir-lopmatussumboliga\/\" \/>\n<meta property=\"og:site_name\" content=\"Hilpharakas\" \/>\n<meta name=\"twitter:card\" content=\"summary_large_image\" \/>\n<script type=\"application\/ld+json\" class=\"yoast-schema-graph\">{\"@context\":\"https:\\\/\\\/schema.org\",\"@graph\":[{\"@type\":\"WebPage\",\"@id\":\"https:\\\/\\\/hilpharakaspood.ee\\\/product\\\/ripats-mjolnir-lopmatussumboliga\\\/\",\"url\":\"https:\\\/\\\/hilpharakaspood.ee\\\/product\\\/ripats-mjolnir-lopmatussumboliga\\\/\",\"name\":\"Ripats \\\"Mj\u00f6lnir L\u00f5pmatuss\u00fcmboliga\\\" - Hilpharakas\",\"isPartOf\":{\"@id\":\"https:\\\/\\\/hilpharakaspood.ee\\\/#website\"},\"primaryImageOfPage\":{\"@id\":\"https:\\\/\\\/hilpharakaspood.ee\\\/product\\\/ripats-mjolnir-lopmatussumboliga\\\/#primaryimage\"},\"image\":{\"@id\":\"https:\\\/\\\/hilpharakaspood.ee\\\/product\\\/ripats-mjolnir-lopmatussumboliga\\\/#primaryimage\"},\"thumbnailUrl\":\"https:\\\/\\\/hilpharakaspood.ee\\\/wp-content\\\/uploads\\\/2026\\\/04\\\/freepik__photo-a-silver-thors-hammer-pendant-with-intricate__71240.jpg\",\"datePublished\":\"2026-04-24T13:40:05+00:00\",\"breadcrumb\":{\"@id\":\"https:\\\/\\\/hilpharakaspood.ee\\\/product\\\/ripats-mjolnir-lopmatussumboliga\\\/#breadcrumb\"},\"inLanguage\":\"en-US\",\"potentialAction\":[{\"@type\":\"ReadAction\",\"target\":[\"https:\\\/\\\/hilpharakaspood.ee\\\/product\\\/ripats-mjolnir-lopmatussumboliga\\\/\"]}]},{\"@type\":\"ImageObject\",\"inLanguage\":\"en-US\",\"@id\":\"https:\\\/\\\/hilpharakaspood.ee\\\/product\\\/ripats-mjolnir-lopmatussumboliga\\\/#primaryimage\",\"url\":\"https:\\\/\\\/hilpharakaspood.ee\\\/wp-content\\\/uploads\\\/2026\\\/04\\\/freepik__photo-a-silver-thors-hammer-pendant-with-intricate__71240.jpg\",\"contentUrl\":\"https:\\\/\\\/hilpharakaspood.ee\\\/wp-content\\\/uploads\\\/2026\\\/04\\\/freepik__photo-a-silver-thors-hammer-pendant-with-intricate__71240.jpg\",\"width\":1024,\"height\":1024},{\"@type\":\"BreadcrumbList\",\"@id\":\"https:\\\/\\\/hilpharakaspood.ee\\\/product\\\/ripats-mjolnir-lopmatussumboliga\\\/#breadcrumb\",\"itemListElement\":[{\"@type\":\"ListItem\",\"position\":1,\"name\":\"Home\",\"item\":\"https:\\\/\\\/hilpharakaspood.ee\\\/\"},{\"@type\":\"ListItem\",\"position\":2,\"name\":\"Shop\",\"item\":\"https:\\\/\\\/hilpharakaspood.ee\\\/shop\\\/\"},{\"@type\":\"ListItem\",\"position\":3,\"name\":\"Ripats &#8220;Mj\u00f6lnir L\u00f5pmatuss\u00fcmboliga&#8221;\"}]},{\"@type\":\"WebSite\",\"@id\":\"https:\\\/\\\/hilpharakaspood.ee\\\/#website\",\"url\":\"https:\\\/\\\/hilpharakaspood.ee\\\/\",\"name\":\"Hilpharakas\",\"description\":\"Eesti ainus alternatiivmoe kaubamaja\",\"publisher\":{\"@id\":\"https:\\\/\\\/hilpharakaspood.ee\\\/#organization\"},\"potentialAction\":[{\"@type\":\"SearchAction\",\"target\":{\"@type\":\"EntryPoint\",\"urlTemplate\":\"https:\\\/\\\/hilpharakaspood.ee\\\/?s={search_term_string}\"},\"query-input\":{\"@type\":\"PropertyValueSpecification\",\"valueRequired\":true,\"valueName\":\"search_term_string\"}}],\"inLanguage\":\"en-US\"},{\"@type\":\"Organization\",\"@id\":\"https:\\\/\\\/hilpharakaspood.ee\\\/#organization\",\"name\":\"Hilpharakas\",\"url\":\"https:\\\/\\\/hilpharakaspood.ee\\\/\",\"logo\":{\"@type\":\"ImageObject\",\"inLanguage\":\"en-US\",\"@id\":\"https:\\\/\\\/hilpharakaspood.ee\\\/#\\\/schema\\\/logo\\\/image\\\/\",\"url\":\"https:\\\/\\\/hilpharakaspood.ee\\\/wp-content\\\/uploads\\\/2026\\\/03\\\/11-e1774551401566.png\",\"contentUrl\":\"https:\\\/\\\/hilpharakaspood.ee\\\/wp-content\\\/uploads\\\/2026\\\/03\\\/11-e1774551401566.png\",\"width\":1000,\"height\":215,\"caption\":\"Hilpharakas\"},\"image\":{\"@id\":\"https:\\\/\\\/hilpharakaspood.ee\\\/#\\\/schema\\\/logo\\\/image\\\/\"}}]}<\/script>\n<!-- \/ Yoast SEO plugin. -->","yoast_head_json":{"title":"Ripats \"Mj\u00f6lnir L\u00f5pmatuss\u00fcmboliga\" - Hilpharakas","robots":{"index":"index","follow":"follow","max-snippet":"max-snippet:-1","max-image-preview":"max-image-preview:large","max-video-preview":"max-video-preview:-1"},"canonical":"https:\/\/hilpharakaspood.ee\/en\/product\/ripats-mjolnir-lopmatussumboliga\/","og_locale":"en_US","og_type":"article","og_title":"Ripats \"Mj\u00f6lnir L\u00f5pmatuss\u00fcmboliga\" - Hilpharakas","og_description":"925 h\u00f5bedast Mj\u00f6lniri ripats l\u00f5pmatuss\u00fcmboliga \u2013 detailne k\u00e4epide ja graveeritud haamer.","og_url":"https:\/\/hilpharakaspood.ee\/en\/product\/ripats-mjolnir-lopmatussumboliga\/","og_site_name":"Hilpharakas","twitter_card":"summary_large_image","schema":{"@context":"https:\/\/schema.org","@graph":[{"@type":"WebPage","@id":"https:\/\/hilpharakaspood.ee\/product\/ripats-mjolnir-lopmatussumboliga\/","url":"https:\/\/hilpharakaspood.ee\/product\/ripats-mjolnir-lopmatussumboliga\/","name":"Ripats \"Mj\u00f6lnir L\u00f5pmatuss\u00fcmboliga\" - Hilpharakas","isPartOf":{"@id":"https:\/\/hilpharakaspood.ee\/#website"},"primaryImageOfPage":{"@id":"https:\/\/hilpharakaspood.ee\/product\/ripats-mjolnir-lopmatussumboliga\/#primaryimage"},"image":{"@id":"https:\/\/hilpharakaspood.ee\/product\/ripats-mjolnir-lopmatussumboliga\/#primaryimage"},"thumbnailUrl":"https:\/\/hilpharakaspood.ee\/wp-content\/uploads\/2026\/04\/freepik__photo-a-silver-thors-hammer-pendant-with-intricate__71240.jpg","datePublished":"2026-04-24T13:40:05+00:00","breadcrumb":{"@id":"https:\/\/hilpharakaspood.ee\/product\/ripats-mjolnir-lopmatussumboliga\/#breadcrumb"},"inLanguage":"en-US","potentialAction":[{"@type":"ReadAction","target":["https:\/\/hilpharakaspood.ee\/product\/ripats-mjolnir-lopmatussumboliga\/"]}]},{"@type":"ImageObject","inLanguage":"en-US","@id":"https:\/\/hilpharakaspood.ee\/product\/ripats-mjolnir-lopmatussumboliga\/#primaryimage","url":"https:\/\/hilpharakaspood.ee\/wp-content\/uploads\/2026\/04\/freepik__photo-a-silver-thors-hammer-pendant-with-intricate__71240.jpg","contentUrl":"https:\/\/hilpharakaspood.ee\/wp-content\/uploads\/2026\/04\/freepik__photo-a-silver-thors-hammer-pendant-with-intricate__71240.jpg","width":1024,"height":1024},{"@type":"BreadcrumbList","@id":"https:\/\/hilpharakaspood.ee\/product\/ripats-mjolnir-lopmatussumboliga\/#breadcrumb","itemListElement":[{"@type":"ListItem","position":1,"name":"Home","item":"https:\/\/hilpharakaspood.ee\/"},{"@type":"ListItem","position":2,"name":"Shop","item":"https:\/\/hilpharakaspood.ee\/shop\/"},{"@type":"ListItem","position":3,"name":"Ripats &#8220;Mj\u00f6lnir L\u00f5pmatuss\u00fcmboliga&#8221;"}]},{"@type":"WebSite","@id":"https:\/\/hilpharakaspood.ee\/#website","url":"https:\/\/hilpharakaspood.ee\/","name":"Hilpharakas","description":"Eesti ainus alternatiivmoe kaubamaja","publisher":{"@id":"https:\/\/hilpharakaspood.ee\/#organization"},"potentialAction":[{"@type":"SearchAction","target":{"@type":"EntryPoint","urlTemplate":"https:\/\/hilpharakaspood.ee\/?s={search_term_string}"},"query-input":{"@type":"PropertyValueSpecification","valueRequired":true,"valueName":"search_term_string"}}],"inLanguage":"en-US"},{"@type":"Organization","@id":"https:\/\/hilpharakaspood.ee\/#organization","name":"Hilpharakas","url":"https:\/\/hilpharakaspood.ee\/","logo":{"@type":"ImageObject","inLanguage":"en-US","@id":"https:\/\/hilpharakaspood.ee\/#\/schema\/logo\/image\/","url":"https:\/\/hilpharakaspood.ee\/wp-content\/uploads\/2026\/03\/11-e1774551401566.png","contentUrl":"https:\/\/hilpharakaspood.ee\/wp-content\/uploads\/2026\/03\/11-e1774551401566.png","width":1000,"height":215,"caption":"Hilpharakas"},"image":{"@id":"https:\/\/hilpharakaspood.ee\/#\/schema\/logo\/image\/"}}]}},"jetpack_sharing_enabled":true,"_links":{"self":[{"href":"https:\/\/hilpharakaspood.ee\/en\/wp-json\/wp\/v2\/product\/2792","targetHints":{"allow":["GET"]}}],"collection":[{"href":"https:\/\/hilpharakaspood.ee\/en\/wp-json\/wp\/v2\/product"}],"about":[{"href":"https:\/\/hilpharakaspood.ee\/en\/wp-json\/wp\/v2\/types\/product"}],"wp:featuredmedia":[{"embeddable":true,"href":"https:\/\/hilpharakaspood.ee\/en\/wp-json\/wp\/v2\/media\/2744"}],"wp:attachment":[{"href":"https:\/\/hilpharakaspood.ee\/en\/wp-json\/wp\/v2\/media?parent=2792"}],"wp:term":[{"taxonomy":"product_brand","embeddable":true,"href":"https:\/\/hilpharakaspood.ee\/en\/wp-json\/wp\/v2\/product_brand?post=2792"},{"taxonomy":"product_cat","embeddable":true,"href":"https:\/\/hilpharakaspood.ee\/en\/wp-json\/wp\/v2\/product_cat?post=2792"},{"taxonomy":"product_tag","embeddable":true,"href":"https:\/\/hilpharakaspood.ee\/en\/wp-json\/wp\/v2\/product_tag?post=2792"}],"curies":[{"name":"wp","href":"https:\/\/api.w.org\/{rel}","templated":true}]}}