{"id":2617,"date":"2026-04-23T16:50:09","date_gmt":"2026-04-23T16:50:09","guid":{"rendered":"https:\/\/hilpharakaspood.ee\/product\/kaelakee-dark-claw\/"},"modified":"2026-04-23T16:50:09","modified_gmt":"2026-04-23T16:50:09","slug":"kaelakee-dark-claw","status":"publish","type":"product","link":"https:\/\/hilpharakaspood.ee\/en\/product\/kaelakee-dark-claw\/","title":{"rendered":"Kaelakee &#8220;Dark Claw&#8221;"},"content":{"rendered":"<p>See kaelakee on valmistatud vastupidavast roostevabast terasest. Ripats kujutab detailset k\u00fc\u00fcniste kinnitust, mis hoiab musta on\u00fcksi kivi. See on roostekindel, niiskuskindel, higikindel ja h\u00fcpoallergeenne. Vastupidav igap\u00e4evaseks kandmiseks, ei tuhmu ega j\u00e4ta nahale rohelist v\u00e4rvi. Mugav kanda ja sobib ka tundlikule nahale.<\/p>\n<p><strong>Materjal:<\/strong> Roostevaba teras, on\u00fcks<br \/><strong>Keti pikkus:<\/strong> 40cm<\/p>","protected":false},"excerpt":{"rendered":"<p>Roostevabast terasest kaelakee k\u00fc\u00fcniste kinnitusega musta on\u00fcksi kiviga.<\/p>","protected":false},"featured_media":2614,"template":"","meta":[],"product_brand":[],"product_cat":[121,93,112],"product_tag":[145,132,158,144,133,139],"class_list":{"0":"post-2617","1":"product","2":"type-product","3":"status-publish","4":"has-post-thumbnail","6":"product_cat-hilpharakas","7":"product_cat-men","8":"product_cat-men-necklaces","9":"product_tag-gooti","10":"product_tag-kaelakee","11":"product_tag-kuunis","12":"product_tag-onuks","13":"product_tag-ripats","14":"product_tag-roostevaba-teras","16":"first","17":"instock","18":"shipping-taxable","19":"purchasable","20":"product-type-simple"},"yoast_head":"<!-- This site is optimized with the Yoast SEO plugin v27.4 - https:\/\/yoast.com\/product\/yoast-seo-wordpress\/ -->\n<title>Kaelakee &quot;Dark Claw&quot; - Hilpharakas<\/title>\n<meta name=\"robots\" content=\"index, follow, max-snippet:-1, max-image-preview:large, max-video-preview:-1\" \/>\n<link rel=\"canonical\" href=\"https:\/\/hilpharakaspood.ee\/en\/product\/kaelakee-dark-claw\/\" \/>\n<meta property=\"og:locale\" content=\"en_US\" \/>\n<meta property=\"og:type\" content=\"article\" \/>\n<meta property=\"og:title\" content=\"Kaelakee &quot;Dark Claw&quot; - Hilpharakas\" \/>\n<meta property=\"og:description\" content=\"Roostevabast terasest kaelakee k\u00fc\u00fcniste kinnitusega musta on\u00fcksi kiviga.\" \/>\n<meta property=\"og:url\" content=\"https:\/\/hilpharakaspood.ee\/en\/product\/kaelakee-dark-claw\/\" \/>\n<meta property=\"og:site_name\" content=\"Hilpharakas\" \/>\n<meta property=\"og:image\" content=\"https:\/\/hilpharakaspood.ee\/wp-content\/uploads\/2026\/04\/freepik_ultra-realistic-luxury-je_2851739634.png\" \/>\n\t<meta property=\"og:image:width\" content=\"1024\" \/>\n\t<meta property=\"og:image:height\" content=\"1024\" \/>\n\t<meta property=\"og:image:type\" content=\"image\/png\" \/>\n<meta name=\"twitter:card\" content=\"summary_large_image\" \/>\n<script type=\"application\/ld+json\" class=\"yoast-schema-graph\">{\"@context\":\"https:\\\/\\\/schema.org\",\"@graph\":[{\"@type\":\"WebPage\",\"@id\":\"https:\\\/\\\/hilpharakaspood.ee\\\/product\\\/kaelakee-dark-claw\\\/\",\"url\":\"https:\\\/\\\/hilpharakaspood.ee\\\/product\\\/kaelakee-dark-claw\\\/\",\"name\":\"Kaelakee \\\"Dark Claw\\\" - Hilpharakas\",\"isPartOf\":{\"@id\":\"https:\\\/\\\/hilpharakaspood.ee\\\/#website\"},\"primaryImageOfPage\":{\"@id\":\"https:\\\/\\\/hilpharakaspood.ee\\\/product\\\/kaelakee-dark-claw\\\/#primaryimage\"},\"image\":{\"@id\":\"https:\\\/\\\/hilpharakaspood.ee\\\/product\\\/kaelakee-dark-claw\\\/#primaryimage\"},\"thumbnailUrl\":\"https:\\\/\\\/hilpharakaspood.ee\\\/wp-content\\\/uploads\\\/2026\\\/04\\\/freepik_ultra-realistic-luxury-je_2851739634.png\",\"datePublished\":\"2026-04-23T16:50:09+00:00\",\"breadcrumb\":{\"@id\":\"https:\\\/\\\/hilpharakaspood.ee\\\/product\\\/kaelakee-dark-claw\\\/#breadcrumb\"},\"inLanguage\":\"en-US\",\"potentialAction\":[{\"@type\":\"ReadAction\",\"target\":[\"https:\\\/\\\/hilpharakaspood.ee\\\/product\\\/kaelakee-dark-claw\\\/\"]}]},{\"@type\":\"ImageObject\",\"inLanguage\":\"en-US\",\"@id\":\"https:\\\/\\\/hilpharakaspood.ee\\\/product\\\/kaelakee-dark-claw\\\/#primaryimage\",\"url\":\"https:\\\/\\\/hilpharakaspood.ee\\\/wp-content\\\/uploads\\\/2026\\\/04\\\/freepik_ultra-realistic-luxury-je_2851739634.png\",\"contentUrl\":\"https:\\\/\\\/hilpharakaspood.ee\\\/wp-content\\\/uploads\\\/2026\\\/04\\\/freepik_ultra-realistic-luxury-je_2851739634.png\",\"width\":1024,\"height\":1024},{\"@type\":\"BreadcrumbList\",\"@id\":\"https:\\\/\\\/hilpharakaspood.ee\\\/product\\\/kaelakee-dark-claw\\\/#breadcrumb\",\"itemListElement\":[{\"@type\":\"ListItem\",\"position\":1,\"name\":\"Home\",\"item\":\"https:\\\/\\\/hilpharakaspood.ee\\\/\"},{\"@type\":\"ListItem\",\"position\":2,\"name\":\"Shop\",\"item\":\"https:\\\/\\\/hilpharakaspood.ee\\\/shop\\\/\"},{\"@type\":\"ListItem\",\"position\":3,\"name\":\"Kaelakee &#8220;Dark Claw&#8221;\"}]},{\"@type\":\"WebSite\",\"@id\":\"https:\\\/\\\/hilpharakaspood.ee\\\/#website\",\"url\":\"https:\\\/\\\/hilpharakaspood.ee\\\/\",\"name\":\"Hilpharakas\",\"description\":\"Eesti ainus alternatiivmoe kaubamaja\",\"publisher\":{\"@id\":\"https:\\\/\\\/hilpharakaspood.ee\\\/#organization\"},\"potentialAction\":[{\"@type\":\"SearchAction\",\"target\":{\"@type\":\"EntryPoint\",\"urlTemplate\":\"https:\\\/\\\/hilpharakaspood.ee\\\/?s={search_term_string}\"},\"query-input\":{\"@type\":\"PropertyValueSpecification\",\"valueRequired\":true,\"valueName\":\"search_term_string\"}}],\"inLanguage\":\"en-US\"},{\"@type\":\"Organization\",\"@id\":\"https:\\\/\\\/hilpharakaspood.ee\\\/#organization\",\"name\":\"Hilpharakas\",\"url\":\"https:\\\/\\\/hilpharakaspood.ee\\\/\",\"logo\":{\"@type\":\"ImageObject\",\"inLanguage\":\"en-US\",\"@id\":\"https:\\\/\\\/hilpharakaspood.ee\\\/#\\\/schema\\\/logo\\\/image\\\/\",\"url\":\"https:\\\/\\\/hilpharakaspood.ee\\\/wp-content\\\/uploads\\\/2026\\\/03\\\/11-e1774551401566.png\",\"contentUrl\":\"https:\\\/\\\/hilpharakaspood.ee\\\/wp-content\\\/uploads\\\/2026\\\/03\\\/11-e1774551401566.png\",\"width\":1000,\"height\":215,\"caption\":\"Hilpharakas\"},\"image\":{\"@id\":\"https:\\\/\\\/hilpharakaspood.ee\\\/#\\\/schema\\\/logo\\\/image\\\/\"}}]}<\/script>\n<!-- \/ Yoast SEO plugin. -->","yoast_head_json":{"title":"Kaelakee \"Dark Claw\" - Hilpharakas","robots":{"index":"index","follow":"follow","max-snippet":"max-snippet:-1","max-image-preview":"max-image-preview:large","max-video-preview":"max-video-preview:-1"},"canonical":"https:\/\/hilpharakaspood.ee\/en\/product\/kaelakee-dark-claw\/","og_locale":"en_US","og_type":"article","og_title":"Kaelakee \"Dark Claw\" - Hilpharakas","og_description":"Roostevabast terasest kaelakee k\u00fc\u00fcniste kinnitusega musta on\u00fcksi kiviga.","og_url":"https:\/\/hilpharakaspood.ee\/en\/product\/kaelakee-dark-claw\/","og_site_name":"Hilpharakas","og_image":[{"width":1024,"height":1024,"url":"https:\/\/hilpharakaspood.ee\/wp-content\/uploads\/2026\/04\/freepik_ultra-realistic-luxury-je_2851739634.png","type":"image\/png"}],"twitter_card":"summary_large_image","schema":{"@context":"https:\/\/schema.org","@graph":[{"@type":"WebPage","@id":"https:\/\/hilpharakaspood.ee\/product\/kaelakee-dark-claw\/","url":"https:\/\/hilpharakaspood.ee\/product\/kaelakee-dark-claw\/","name":"Kaelakee \"Dark Claw\" - Hilpharakas","isPartOf":{"@id":"https:\/\/hilpharakaspood.ee\/#website"},"primaryImageOfPage":{"@id":"https:\/\/hilpharakaspood.ee\/product\/kaelakee-dark-claw\/#primaryimage"},"image":{"@id":"https:\/\/hilpharakaspood.ee\/product\/kaelakee-dark-claw\/#primaryimage"},"thumbnailUrl":"https:\/\/hilpharakaspood.ee\/wp-content\/uploads\/2026\/04\/freepik_ultra-realistic-luxury-je_2851739634.png","datePublished":"2026-04-23T16:50:09+00:00","breadcrumb":{"@id":"https:\/\/hilpharakaspood.ee\/product\/kaelakee-dark-claw\/#breadcrumb"},"inLanguage":"en-US","potentialAction":[{"@type":"ReadAction","target":["https:\/\/hilpharakaspood.ee\/product\/kaelakee-dark-claw\/"]}]},{"@type":"ImageObject","inLanguage":"en-US","@id":"https:\/\/hilpharakaspood.ee\/product\/kaelakee-dark-claw\/#primaryimage","url":"https:\/\/hilpharakaspood.ee\/wp-content\/uploads\/2026\/04\/freepik_ultra-realistic-luxury-je_2851739634.png","contentUrl":"https:\/\/hilpharakaspood.ee\/wp-content\/uploads\/2026\/04\/freepik_ultra-realistic-luxury-je_2851739634.png","width":1024,"height":1024},{"@type":"BreadcrumbList","@id":"https:\/\/hilpharakaspood.ee\/product\/kaelakee-dark-claw\/#breadcrumb","itemListElement":[{"@type":"ListItem","position":1,"name":"Home","item":"https:\/\/hilpharakaspood.ee\/"},{"@type":"ListItem","position":2,"name":"Shop","item":"https:\/\/hilpharakaspood.ee\/shop\/"},{"@type":"ListItem","position":3,"name":"Kaelakee &#8220;Dark Claw&#8221;"}]},{"@type":"WebSite","@id":"https:\/\/hilpharakaspood.ee\/#website","url":"https:\/\/hilpharakaspood.ee\/","name":"Hilpharakas","description":"Eesti ainus alternatiivmoe kaubamaja","publisher":{"@id":"https:\/\/hilpharakaspood.ee\/#organization"},"potentialAction":[{"@type":"SearchAction","target":{"@type":"EntryPoint","urlTemplate":"https:\/\/hilpharakaspood.ee\/?s={search_term_string}"},"query-input":{"@type":"PropertyValueSpecification","valueRequired":true,"valueName":"search_term_string"}}],"inLanguage":"en-US"},{"@type":"Organization","@id":"https:\/\/hilpharakaspood.ee\/#organization","name":"Hilpharakas","url":"https:\/\/hilpharakaspood.ee\/","logo":{"@type":"ImageObject","inLanguage":"en-US","@id":"https:\/\/hilpharakaspood.ee\/#\/schema\/logo\/image\/","url":"https:\/\/hilpharakaspood.ee\/wp-content\/uploads\/2026\/03\/11-e1774551401566.png","contentUrl":"https:\/\/hilpharakaspood.ee\/wp-content\/uploads\/2026\/03\/11-e1774551401566.png","width":1000,"height":215,"caption":"Hilpharakas"},"image":{"@id":"https:\/\/hilpharakaspood.ee\/#\/schema\/logo\/image\/"}}]}},"jetpack_sharing_enabled":true,"_links":{"self":[{"href":"https:\/\/hilpharakaspood.ee\/en\/wp-json\/wp\/v2\/product\/2617","targetHints":{"allow":["GET"]}}],"collection":[{"href":"https:\/\/hilpharakaspood.ee\/en\/wp-json\/wp\/v2\/product"}],"about":[{"href":"https:\/\/hilpharakaspood.ee\/en\/wp-json\/wp\/v2\/types\/product"}],"wp:featuredmedia":[{"embeddable":true,"href":"https:\/\/hilpharakaspood.ee\/en\/wp-json\/wp\/v2\/media\/2614"}],"wp:attachment":[{"href":"https:\/\/hilpharakaspood.ee\/en\/wp-json\/wp\/v2\/media?parent=2617"}],"wp:term":[{"taxonomy":"product_brand","embeddable":true,"href":"https:\/\/hilpharakaspood.ee\/en\/wp-json\/wp\/v2\/product_brand?post=2617"},{"taxonomy":"product_cat","embeddable":true,"href":"https:\/\/hilpharakaspood.ee\/en\/wp-json\/wp\/v2\/product_cat?post=2617"},{"taxonomy":"product_tag","embeddable":true,"href":"https:\/\/hilpharakaspood.ee\/en\/wp-json\/wp\/v2\/product_tag?post=2617"}],"curies":[{"name":"wp","href":"https:\/\/api.w.org\/{rel}","templated":true}]}}