{"id":2609,"date":"2026-04-23T16:37:09","date_gmt":"2026-04-23T16:37:09","guid":{"rendered":"https:\/\/hilpharakaspood.ee\/product\/kaelakee-kuldne-valknut\/"},"modified":"2026-04-23T16:49:01","modified_gmt":"2026-04-23T16:49:01","slug":"kaelakee-kuldne-valknut","status":"publish","type":"product","link":"https:\/\/hilpharakaspood.ee\/en\/product\/kaelakee-kuldne-valknut\/","title":{"rendered":"Kaelakee &#8220;Kuldne Valknut&#8221;"},"content":{"rendered":"<p>See meeste kaelakee on valmistatud vastupidavast roostevabast terasest. Ripats kujutab vikingikirvest Valknut s\u00fcmboliga \u2014 Odini m\u00e4rgiga, inspireeritud norra m\u00fctoloogiast. Ripats on kahe tooniga \u2014 h\u00f5bedane teras ja kullakarvased aktsendid. See on roostekindel, niiskuskindel, higikindel ja h\u00fcpoallergeenne. Vastupidav igap\u00e4evaseks kandmiseks, ei tuhmu ega j\u00e4ta nahale rohelist v\u00e4rvi. Mugav kanda ja sobib ka tundlikule nahale.<\/p>\n<p><strong>Materjal:<\/strong> Roostevaba teras<br \/><strong>Keti pikkus:<\/strong> 40cm<\/p>","protected":false},"excerpt":{"rendered":"<p>Meeste roostevabast terasest kaelakee vikingikirvese ripatsiga, Valknut s\u00fcmboliga ja kullakarvaste aktsendidega.<\/p>","protected":false},"featured_media":2590,"template":"","meta":[],"product_brand":[],"product_cat":[121,93,112],"product_tag":[132,135,152,153,138,137,133,139,136,134],"class_list":{"0":"post-2609","1":"product","2":"type-product","3":"status-publish","4":"has-post-thumbnail","6":"product_cat-hilpharakas","7":"product_cat-men","8":"product_cat-men-necklaces","9":"product_tag-kaelakee","10":"product_tag-kirves","11":"product_tag-kuld","12":"product_tag-kuldne","13":"product_tag-norra-mutoloogia","14":"product_tag-odin","15":"product_tag-ripats","16":"product_tag-roostevaba-teras","17":"product_tag-valknut","18":"product_tag-viking","20":"first","21":"instock","22":"shipping-taxable","23":"purchasable","24":"product-type-simple"},"yoast_head":"<!-- This site is optimized with the Yoast SEO plugin v27.4 - https:\/\/yoast.com\/product\/yoast-seo-wordpress\/ -->\n<title>Kaelakee &quot;Kuldne Valknut&quot; - Hilpharakas<\/title>\n<meta name=\"robots\" content=\"index, follow, max-snippet:-1, max-image-preview:large, max-video-preview:-1\" \/>\n<link rel=\"canonical\" href=\"https:\/\/hilpharakaspood.ee\/en\/product\/kaelakee-kuldne-valknut\/\" \/>\n<meta property=\"og:locale\" content=\"en_US\" \/>\n<meta property=\"og:type\" content=\"article\" \/>\n<meta property=\"og:title\" content=\"Kaelakee &quot;Kuldne Valknut&quot; - Hilpharakas\" \/>\n<meta property=\"og:description\" content=\"Meeste roostevabast terasest kaelakee vikingikirvese ripatsiga, Valknut s\u00fcmboliga ja kullakarvaste aktsendidega.\" \/>\n<meta property=\"og:url\" content=\"https:\/\/hilpharakaspood.ee\/en\/product\/kaelakee-kuldne-valknut\/\" \/>\n<meta property=\"og:site_name\" content=\"Hilpharakas\" \/>\n<meta property=\"article:modified_time\" content=\"2026-04-23T16:49:01+00:00\" \/>\n<meta property=\"og:image\" content=\"https:\/\/hilpharakaspood.ee\/wp-content\/uploads\/2026\/04\/freepik_ultra-realistic-luxury-je_2851647107.jpg\" \/>\n\t<meta property=\"og:image:width\" content=\"1024\" \/>\n\t<meta property=\"og:image:height\" content=\"1024\" \/>\n\t<meta property=\"og:image:type\" content=\"image\/jpeg\" \/>\n<meta name=\"twitter:card\" content=\"summary_large_image\" \/>\n<script type=\"application\/ld+json\" class=\"yoast-schema-graph\">{\"@context\":\"https:\\\/\\\/schema.org\",\"@graph\":[{\"@type\":\"WebPage\",\"@id\":\"https:\\\/\\\/hilpharakaspood.ee\\\/product\\\/kaelakee-kuldne-valknut\\\/\",\"url\":\"https:\\\/\\\/hilpharakaspood.ee\\\/product\\\/kaelakee-kuldne-valknut\\\/\",\"name\":\"Kaelakee \\\"Kuldne Valknut\\\" - Hilpharakas\",\"isPartOf\":{\"@id\":\"https:\\\/\\\/hilpharakaspood.ee\\\/#website\"},\"primaryImageOfPage\":{\"@id\":\"https:\\\/\\\/hilpharakaspood.ee\\\/product\\\/kaelakee-kuldne-valknut\\\/#primaryimage\"},\"image\":{\"@id\":\"https:\\\/\\\/hilpharakaspood.ee\\\/product\\\/kaelakee-kuldne-valknut\\\/#primaryimage\"},\"thumbnailUrl\":\"https:\\\/\\\/hilpharakaspood.ee\\\/wp-content\\\/uploads\\\/2026\\\/04\\\/freepik_ultra-realistic-luxury-je_2851647107.jpg\",\"datePublished\":\"2026-04-23T16:37:09+00:00\",\"dateModified\":\"2026-04-23T16:49:01+00:00\",\"breadcrumb\":{\"@id\":\"https:\\\/\\\/hilpharakaspood.ee\\\/product\\\/kaelakee-kuldne-valknut\\\/#breadcrumb\"},\"inLanguage\":\"en-US\",\"potentialAction\":[{\"@type\":\"ReadAction\",\"target\":[\"https:\\\/\\\/hilpharakaspood.ee\\\/product\\\/kaelakee-kuldne-valknut\\\/\"]}]},{\"@type\":\"ImageObject\",\"inLanguage\":\"en-US\",\"@id\":\"https:\\\/\\\/hilpharakaspood.ee\\\/product\\\/kaelakee-kuldne-valknut\\\/#primaryimage\",\"url\":\"https:\\\/\\\/hilpharakaspood.ee\\\/wp-content\\\/uploads\\\/2026\\\/04\\\/freepik_ultra-realistic-luxury-je_2851647107.jpg\",\"contentUrl\":\"https:\\\/\\\/hilpharakaspood.ee\\\/wp-content\\\/uploads\\\/2026\\\/04\\\/freepik_ultra-realistic-luxury-je_2851647107.jpg\",\"width\":1024,\"height\":1024},{\"@type\":\"BreadcrumbList\",\"@id\":\"https:\\\/\\\/hilpharakaspood.ee\\\/product\\\/kaelakee-kuldne-valknut\\\/#breadcrumb\",\"itemListElement\":[{\"@type\":\"ListItem\",\"position\":1,\"name\":\"Home\",\"item\":\"https:\\\/\\\/hilpharakaspood.ee\\\/\"},{\"@type\":\"ListItem\",\"position\":2,\"name\":\"Shop\",\"item\":\"https:\\\/\\\/hilpharakaspood.ee\\\/shop\\\/\"},{\"@type\":\"ListItem\",\"position\":3,\"name\":\"Kaelakee &#8220;Kuldne Valknut&#8221;\"}]},{\"@type\":\"WebSite\",\"@id\":\"https:\\\/\\\/hilpharakaspood.ee\\\/#website\",\"url\":\"https:\\\/\\\/hilpharakaspood.ee\\\/\",\"name\":\"Hilpharakas\",\"description\":\"Eesti ainus alternatiivmoe kaubamaja\",\"publisher\":{\"@id\":\"https:\\\/\\\/hilpharakaspood.ee\\\/#organization\"},\"potentialAction\":[{\"@type\":\"SearchAction\",\"target\":{\"@type\":\"EntryPoint\",\"urlTemplate\":\"https:\\\/\\\/hilpharakaspood.ee\\\/?s={search_term_string}\"},\"query-input\":{\"@type\":\"PropertyValueSpecification\",\"valueRequired\":true,\"valueName\":\"search_term_string\"}}],\"inLanguage\":\"en-US\"},{\"@type\":\"Organization\",\"@id\":\"https:\\\/\\\/hilpharakaspood.ee\\\/#organization\",\"name\":\"Hilpharakas\",\"url\":\"https:\\\/\\\/hilpharakaspood.ee\\\/\",\"logo\":{\"@type\":\"ImageObject\",\"inLanguage\":\"en-US\",\"@id\":\"https:\\\/\\\/hilpharakaspood.ee\\\/#\\\/schema\\\/logo\\\/image\\\/\",\"url\":\"https:\\\/\\\/hilpharakaspood.ee\\\/wp-content\\\/uploads\\\/2026\\\/03\\\/11-e1774551401566.png\",\"contentUrl\":\"https:\\\/\\\/hilpharakaspood.ee\\\/wp-content\\\/uploads\\\/2026\\\/03\\\/11-e1774551401566.png\",\"width\":1000,\"height\":215,\"caption\":\"Hilpharakas\"},\"image\":{\"@id\":\"https:\\\/\\\/hilpharakaspood.ee\\\/#\\\/schema\\\/logo\\\/image\\\/\"}}]}<\/script>\n<!-- \/ Yoast SEO plugin. -->","yoast_head_json":{"title":"Kaelakee \"Kuldne Valknut\" - Hilpharakas","robots":{"index":"index","follow":"follow","max-snippet":"max-snippet:-1","max-image-preview":"max-image-preview:large","max-video-preview":"max-video-preview:-1"},"canonical":"https:\/\/hilpharakaspood.ee\/en\/product\/kaelakee-kuldne-valknut\/","og_locale":"en_US","og_type":"article","og_title":"Kaelakee \"Kuldne Valknut\" - Hilpharakas","og_description":"Meeste roostevabast terasest kaelakee vikingikirvese ripatsiga, Valknut s\u00fcmboliga ja kullakarvaste aktsendidega.","og_url":"https:\/\/hilpharakaspood.ee\/en\/product\/kaelakee-kuldne-valknut\/","og_site_name":"Hilpharakas","article_modified_time":"2026-04-23T16:49:01+00:00","og_image":[{"width":1024,"height":1024,"url":"https:\/\/hilpharakaspood.ee\/wp-content\/uploads\/2026\/04\/freepik_ultra-realistic-luxury-je_2851647107.jpg","type":"image\/jpeg"}],"twitter_card":"summary_large_image","schema":{"@context":"https:\/\/schema.org","@graph":[{"@type":"WebPage","@id":"https:\/\/hilpharakaspood.ee\/product\/kaelakee-kuldne-valknut\/","url":"https:\/\/hilpharakaspood.ee\/product\/kaelakee-kuldne-valknut\/","name":"Kaelakee \"Kuldne Valknut\" - Hilpharakas","isPartOf":{"@id":"https:\/\/hilpharakaspood.ee\/#website"},"primaryImageOfPage":{"@id":"https:\/\/hilpharakaspood.ee\/product\/kaelakee-kuldne-valknut\/#primaryimage"},"image":{"@id":"https:\/\/hilpharakaspood.ee\/product\/kaelakee-kuldne-valknut\/#primaryimage"},"thumbnailUrl":"https:\/\/hilpharakaspood.ee\/wp-content\/uploads\/2026\/04\/freepik_ultra-realistic-luxury-je_2851647107.jpg","datePublished":"2026-04-23T16:37:09+00:00","dateModified":"2026-04-23T16:49:01+00:00","breadcrumb":{"@id":"https:\/\/hilpharakaspood.ee\/product\/kaelakee-kuldne-valknut\/#breadcrumb"},"inLanguage":"en-US","potentialAction":[{"@type":"ReadAction","target":["https:\/\/hilpharakaspood.ee\/product\/kaelakee-kuldne-valknut\/"]}]},{"@type":"ImageObject","inLanguage":"en-US","@id":"https:\/\/hilpharakaspood.ee\/product\/kaelakee-kuldne-valknut\/#primaryimage","url":"https:\/\/hilpharakaspood.ee\/wp-content\/uploads\/2026\/04\/freepik_ultra-realistic-luxury-je_2851647107.jpg","contentUrl":"https:\/\/hilpharakaspood.ee\/wp-content\/uploads\/2026\/04\/freepik_ultra-realistic-luxury-je_2851647107.jpg","width":1024,"height":1024},{"@type":"BreadcrumbList","@id":"https:\/\/hilpharakaspood.ee\/product\/kaelakee-kuldne-valknut\/#breadcrumb","itemListElement":[{"@type":"ListItem","position":1,"name":"Home","item":"https:\/\/hilpharakaspood.ee\/"},{"@type":"ListItem","position":2,"name":"Shop","item":"https:\/\/hilpharakaspood.ee\/shop\/"},{"@type":"ListItem","position":3,"name":"Kaelakee &#8220;Kuldne Valknut&#8221;"}]},{"@type":"WebSite","@id":"https:\/\/hilpharakaspood.ee\/#website","url":"https:\/\/hilpharakaspood.ee\/","name":"Hilpharakas","description":"Eesti ainus alternatiivmoe kaubamaja","publisher":{"@id":"https:\/\/hilpharakaspood.ee\/#organization"},"potentialAction":[{"@type":"SearchAction","target":{"@type":"EntryPoint","urlTemplate":"https:\/\/hilpharakaspood.ee\/?s={search_term_string}"},"query-input":{"@type":"PropertyValueSpecification","valueRequired":true,"valueName":"search_term_string"}}],"inLanguage":"en-US"},{"@type":"Organization","@id":"https:\/\/hilpharakaspood.ee\/#organization","name":"Hilpharakas","url":"https:\/\/hilpharakaspood.ee\/","logo":{"@type":"ImageObject","inLanguage":"en-US","@id":"https:\/\/hilpharakaspood.ee\/#\/schema\/logo\/image\/","url":"https:\/\/hilpharakaspood.ee\/wp-content\/uploads\/2026\/03\/11-e1774551401566.png","contentUrl":"https:\/\/hilpharakaspood.ee\/wp-content\/uploads\/2026\/03\/11-e1774551401566.png","width":1000,"height":215,"caption":"Hilpharakas"},"image":{"@id":"https:\/\/hilpharakaspood.ee\/#\/schema\/logo\/image\/"}}]}},"jetpack_sharing_enabled":true,"_links":{"self":[{"href":"https:\/\/hilpharakaspood.ee\/en\/wp-json\/wp\/v2\/product\/2609","targetHints":{"allow":["GET"]}}],"collection":[{"href":"https:\/\/hilpharakaspood.ee\/en\/wp-json\/wp\/v2\/product"}],"about":[{"href":"https:\/\/hilpharakaspood.ee\/en\/wp-json\/wp\/v2\/types\/product"}],"wp:featuredmedia":[{"embeddable":true,"href":"https:\/\/hilpharakaspood.ee\/en\/wp-json\/wp\/v2\/media\/2590"}],"wp:attachment":[{"href":"https:\/\/hilpharakaspood.ee\/en\/wp-json\/wp\/v2\/media?parent=2609"}],"wp:term":[{"taxonomy":"product_brand","embeddable":true,"href":"https:\/\/hilpharakaspood.ee\/en\/wp-json\/wp\/v2\/product_brand?post=2609"},{"taxonomy":"product_cat","embeddable":true,"href":"https:\/\/hilpharakaspood.ee\/en\/wp-json\/wp\/v2\/product_cat?post=2609"},{"taxonomy":"product_tag","embeddable":true,"href":"https:\/\/hilpharakaspood.ee\/en\/wp-json\/wp\/v2\/product_tag?post=2609"}],"curies":[{"name":"wp","href":"https:\/\/api.w.org\/{rel}","templated":true}]}}