{"id":2607,"date":"2026-04-23T16:37:09","date_gmt":"2026-04-23T16:37:09","guid":{"rendered":"https:\/\/hilpharakaspood.ee\/product\/kaelakee-thori-haamer\/"},"modified":"2026-04-23T16:49:01","modified_gmt":"2026-04-23T16:49:01","slug":"kaelakee-thori-haamer","status":"publish","type":"product","link":"https:\/\/hilpharakaspood.ee\/en\/product\/kaelakee-thori-haamer\/","title":{"rendered":"Kaelakee &#8220;Thori Haamer&#8221;"},"content":{"rendered":"<p>See meeste kaelakee on valmistatud vastupidavast roostevabast terasest. Ripats kujutab Mj\u00f6lnirit \u2014 Thori haamrit \u2014 kaunistatud Valknut s\u00fcmboli ja traditsiooniliste vikingimustritega, inspireeritud norra m\u00fctoloogiast. See on roostekindel, niiskuskindel, higikindel ja h\u00fcpoallergeenne. Vastupidav igap\u00e4evaseks kandmiseks, ei tuhmu ega j\u00e4ta nahale rohelist v\u00e4rvi. Mugav kanda ja sobib ka tundlikule nahale.<\/p>\n<p><strong>Materjal:<\/strong> Roostevaba teras<br \/><strong>Keti pikkus:<\/strong> 40cm<\/p>","protected":false},"excerpt":{"rendered":"<p>Meeste roostevabast terasest kaelakee Mj\u00f6lniri ripatsiga \u2014 Thori haamri kujutis Valknut s\u00fcmboliga, inspireeritud norra m\u00fctoloogiast.<\/p>","protected":false},"featured_media":2579,"template":"","meta":[],"product_brand":[],"product_cat":[121,93,112],"product_tag":[149,132,147,138,133,139,148,136,134],"class_list":{"0":"post-2607","1":"product","2":"type-product","3":"status-publish","4":"has-post-thumbnail","6":"product_cat-hilpharakas","7":"product_cat-men","8":"product_cat-men-necklaces","9":"product_tag-haamer","10":"product_tag-kaelakee","11":"product_tag-mjolnir","12":"product_tag-norra-mutoloogia","13":"product_tag-ripats","14":"product_tag-roostevaba-teras","15":"product_tag-thor","16":"product_tag-valknut","17":"product_tag-viking","19":"first","20":"instock","21":"shipping-taxable","22":"purchasable","23":"product-type-simple"},"yoast_head":"<!-- This site is optimized with the Yoast SEO plugin v27.4 - https:\/\/yoast.com\/product\/yoast-seo-wordpress\/ -->\n<title>Kaelakee &quot;Thori Haamer&quot; - Hilpharakas<\/title>\n<meta name=\"robots\" content=\"index, follow, max-snippet:-1, max-image-preview:large, max-video-preview:-1\" \/>\n<link rel=\"canonical\" href=\"https:\/\/hilpharakaspood.ee\/en\/product\/kaelakee-thori-haamer\/\" \/>\n<meta property=\"og:locale\" content=\"en_US\" \/>\n<meta property=\"og:type\" content=\"article\" \/>\n<meta property=\"og:title\" content=\"Kaelakee &quot;Thori Haamer&quot; - Hilpharakas\" \/>\n<meta property=\"og:description\" content=\"Meeste roostevabast terasest kaelakee Mj\u00f6lniri ripatsiga \u2014 Thori haamri kujutis Valknut s\u00fcmboliga, inspireeritud norra m\u00fctoloogiast.\" \/>\n<meta property=\"og:url\" content=\"https:\/\/hilpharakaspood.ee\/en\/product\/kaelakee-thori-haamer\/\" \/>\n<meta property=\"og:site_name\" content=\"Hilpharakas\" \/>\n<meta property=\"article:modified_time\" content=\"2026-04-23T16:49:01+00:00\" \/>\n<meta property=\"og:image\" content=\"https:\/\/hilpharakaspood.ee\/wp-content\/uploads\/2026\/04\/freepik_necklace-on-a-pure-black-_2850260517.jpg\" \/>\n\t<meta property=\"og:image:width\" content=\"1024\" \/>\n\t<meta property=\"og:image:height\" content=\"1024\" \/>\n\t<meta property=\"og:image:type\" content=\"image\/jpeg\" \/>\n<meta name=\"twitter:card\" content=\"summary_large_image\" \/>\n<script type=\"application\/ld+json\" class=\"yoast-schema-graph\">{\"@context\":\"https:\\\/\\\/schema.org\",\"@graph\":[{\"@type\":\"WebPage\",\"@id\":\"https:\\\/\\\/hilpharakaspood.ee\\\/product\\\/kaelakee-thori-haamer\\\/\",\"url\":\"https:\\\/\\\/hilpharakaspood.ee\\\/product\\\/kaelakee-thori-haamer\\\/\",\"name\":\"Kaelakee \\\"Thori Haamer\\\" - Hilpharakas\",\"isPartOf\":{\"@id\":\"https:\\\/\\\/hilpharakaspood.ee\\\/#website\"},\"primaryImageOfPage\":{\"@id\":\"https:\\\/\\\/hilpharakaspood.ee\\\/product\\\/kaelakee-thori-haamer\\\/#primaryimage\"},\"image\":{\"@id\":\"https:\\\/\\\/hilpharakaspood.ee\\\/product\\\/kaelakee-thori-haamer\\\/#primaryimage\"},\"thumbnailUrl\":\"https:\\\/\\\/hilpharakaspood.ee\\\/wp-content\\\/uploads\\\/2026\\\/04\\\/freepik_necklace-on-a-pure-black-_2850260517.jpg\",\"datePublished\":\"2026-04-23T16:37:09+00:00\",\"dateModified\":\"2026-04-23T16:49:01+00:00\",\"breadcrumb\":{\"@id\":\"https:\\\/\\\/hilpharakaspood.ee\\\/product\\\/kaelakee-thori-haamer\\\/#breadcrumb\"},\"inLanguage\":\"en-US\",\"potentialAction\":[{\"@type\":\"ReadAction\",\"target\":[\"https:\\\/\\\/hilpharakaspood.ee\\\/product\\\/kaelakee-thori-haamer\\\/\"]}]},{\"@type\":\"ImageObject\",\"inLanguage\":\"en-US\",\"@id\":\"https:\\\/\\\/hilpharakaspood.ee\\\/product\\\/kaelakee-thori-haamer\\\/#primaryimage\",\"url\":\"https:\\\/\\\/hilpharakaspood.ee\\\/wp-content\\\/uploads\\\/2026\\\/04\\\/freepik_necklace-on-a-pure-black-_2850260517.jpg\",\"contentUrl\":\"https:\\\/\\\/hilpharakaspood.ee\\\/wp-content\\\/uploads\\\/2026\\\/04\\\/freepik_necklace-on-a-pure-black-_2850260517.jpg\",\"width\":1024,\"height\":1024},{\"@type\":\"BreadcrumbList\",\"@id\":\"https:\\\/\\\/hilpharakaspood.ee\\\/product\\\/kaelakee-thori-haamer\\\/#breadcrumb\",\"itemListElement\":[{\"@type\":\"ListItem\",\"position\":1,\"name\":\"Home\",\"item\":\"https:\\\/\\\/hilpharakaspood.ee\\\/\"},{\"@type\":\"ListItem\",\"position\":2,\"name\":\"Shop\",\"item\":\"https:\\\/\\\/hilpharakaspood.ee\\\/shop\\\/\"},{\"@type\":\"ListItem\",\"position\":3,\"name\":\"Kaelakee &#8220;Thori Haamer&#8221;\"}]},{\"@type\":\"WebSite\",\"@id\":\"https:\\\/\\\/hilpharakaspood.ee\\\/#website\",\"url\":\"https:\\\/\\\/hilpharakaspood.ee\\\/\",\"name\":\"Hilpharakas\",\"description\":\"Eesti ainus alternatiivmoe kaubamaja\",\"publisher\":{\"@id\":\"https:\\\/\\\/hilpharakaspood.ee\\\/#organization\"},\"potentialAction\":[{\"@type\":\"SearchAction\",\"target\":{\"@type\":\"EntryPoint\",\"urlTemplate\":\"https:\\\/\\\/hilpharakaspood.ee\\\/?s={search_term_string}\"},\"query-input\":{\"@type\":\"PropertyValueSpecification\",\"valueRequired\":true,\"valueName\":\"search_term_string\"}}],\"inLanguage\":\"en-US\"},{\"@type\":\"Organization\",\"@id\":\"https:\\\/\\\/hilpharakaspood.ee\\\/#organization\",\"name\":\"Hilpharakas\",\"url\":\"https:\\\/\\\/hilpharakaspood.ee\\\/\",\"logo\":{\"@type\":\"ImageObject\",\"inLanguage\":\"en-US\",\"@id\":\"https:\\\/\\\/hilpharakaspood.ee\\\/#\\\/schema\\\/logo\\\/image\\\/\",\"url\":\"https:\\\/\\\/hilpharakaspood.ee\\\/wp-content\\\/uploads\\\/2026\\\/03\\\/11-e1774551401566.png\",\"contentUrl\":\"https:\\\/\\\/hilpharakaspood.ee\\\/wp-content\\\/uploads\\\/2026\\\/03\\\/11-e1774551401566.png\",\"width\":1000,\"height\":215,\"caption\":\"Hilpharakas\"},\"image\":{\"@id\":\"https:\\\/\\\/hilpharakaspood.ee\\\/#\\\/schema\\\/logo\\\/image\\\/\"}}]}<\/script>\n<!-- \/ Yoast SEO plugin. -->","yoast_head_json":{"title":"Kaelakee \"Thori Haamer\" - Hilpharakas","robots":{"index":"index","follow":"follow","max-snippet":"max-snippet:-1","max-image-preview":"max-image-preview:large","max-video-preview":"max-video-preview:-1"},"canonical":"https:\/\/hilpharakaspood.ee\/en\/product\/kaelakee-thori-haamer\/","og_locale":"en_US","og_type":"article","og_title":"Kaelakee \"Thori Haamer\" - Hilpharakas","og_description":"Meeste roostevabast terasest kaelakee Mj\u00f6lniri ripatsiga \u2014 Thori haamri kujutis Valknut s\u00fcmboliga, inspireeritud norra m\u00fctoloogiast.","og_url":"https:\/\/hilpharakaspood.ee\/en\/product\/kaelakee-thori-haamer\/","og_site_name":"Hilpharakas","article_modified_time":"2026-04-23T16:49:01+00:00","og_image":[{"width":1024,"height":1024,"url":"https:\/\/hilpharakaspood.ee\/wp-content\/uploads\/2026\/04\/freepik_necklace-on-a-pure-black-_2850260517.jpg","type":"image\/jpeg"}],"twitter_card":"summary_large_image","schema":{"@context":"https:\/\/schema.org","@graph":[{"@type":"WebPage","@id":"https:\/\/hilpharakaspood.ee\/product\/kaelakee-thori-haamer\/","url":"https:\/\/hilpharakaspood.ee\/product\/kaelakee-thori-haamer\/","name":"Kaelakee \"Thori Haamer\" - Hilpharakas","isPartOf":{"@id":"https:\/\/hilpharakaspood.ee\/#website"},"primaryImageOfPage":{"@id":"https:\/\/hilpharakaspood.ee\/product\/kaelakee-thori-haamer\/#primaryimage"},"image":{"@id":"https:\/\/hilpharakaspood.ee\/product\/kaelakee-thori-haamer\/#primaryimage"},"thumbnailUrl":"https:\/\/hilpharakaspood.ee\/wp-content\/uploads\/2026\/04\/freepik_necklace-on-a-pure-black-_2850260517.jpg","datePublished":"2026-04-23T16:37:09+00:00","dateModified":"2026-04-23T16:49:01+00:00","breadcrumb":{"@id":"https:\/\/hilpharakaspood.ee\/product\/kaelakee-thori-haamer\/#breadcrumb"},"inLanguage":"en-US","potentialAction":[{"@type":"ReadAction","target":["https:\/\/hilpharakaspood.ee\/product\/kaelakee-thori-haamer\/"]}]},{"@type":"ImageObject","inLanguage":"en-US","@id":"https:\/\/hilpharakaspood.ee\/product\/kaelakee-thori-haamer\/#primaryimage","url":"https:\/\/hilpharakaspood.ee\/wp-content\/uploads\/2026\/04\/freepik_necklace-on-a-pure-black-_2850260517.jpg","contentUrl":"https:\/\/hilpharakaspood.ee\/wp-content\/uploads\/2026\/04\/freepik_necklace-on-a-pure-black-_2850260517.jpg","width":1024,"height":1024},{"@type":"BreadcrumbList","@id":"https:\/\/hilpharakaspood.ee\/product\/kaelakee-thori-haamer\/#breadcrumb","itemListElement":[{"@type":"ListItem","position":1,"name":"Home","item":"https:\/\/hilpharakaspood.ee\/"},{"@type":"ListItem","position":2,"name":"Shop","item":"https:\/\/hilpharakaspood.ee\/shop\/"},{"@type":"ListItem","position":3,"name":"Kaelakee &#8220;Thori Haamer&#8221;"}]},{"@type":"WebSite","@id":"https:\/\/hilpharakaspood.ee\/#website","url":"https:\/\/hilpharakaspood.ee\/","name":"Hilpharakas","description":"Eesti ainus alternatiivmoe kaubamaja","publisher":{"@id":"https:\/\/hilpharakaspood.ee\/#organization"},"potentialAction":[{"@type":"SearchAction","target":{"@type":"EntryPoint","urlTemplate":"https:\/\/hilpharakaspood.ee\/?s={search_term_string}"},"query-input":{"@type":"PropertyValueSpecification","valueRequired":true,"valueName":"search_term_string"}}],"inLanguage":"en-US"},{"@type":"Organization","@id":"https:\/\/hilpharakaspood.ee\/#organization","name":"Hilpharakas","url":"https:\/\/hilpharakaspood.ee\/","logo":{"@type":"ImageObject","inLanguage":"en-US","@id":"https:\/\/hilpharakaspood.ee\/#\/schema\/logo\/image\/","url":"https:\/\/hilpharakaspood.ee\/wp-content\/uploads\/2026\/03\/11-e1774551401566.png","contentUrl":"https:\/\/hilpharakaspood.ee\/wp-content\/uploads\/2026\/03\/11-e1774551401566.png","width":1000,"height":215,"caption":"Hilpharakas"},"image":{"@id":"https:\/\/hilpharakaspood.ee\/#\/schema\/logo\/image\/"}}]}},"jetpack_sharing_enabled":true,"_links":{"self":[{"href":"https:\/\/hilpharakaspood.ee\/en\/wp-json\/wp\/v2\/product\/2607","targetHints":{"allow":["GET"]}}],"collection":[{"href":"https:\/\/hilpharakaspood.ee\/en\/wp-json\/wp\/v2\/product"}],"about":[{"href":"https:\/\/hilpharakaspood.ee\/en\/wp-json\/wp\/v2\/types\/product"}],"wp:featuredmedia":[{"embeddable":true,"href":"https:\/\/hilpharakaspood.ee\/en\/wp-json\/wp\/v2\/media\/2579"}],"wp:attachment":[{"href":"https:\/\/hilpharakaspood.ee\/en\/wp-json\/wp\/v2\/media?parent=2607"}],"wp:term":[{"taxonomy":"product_brand","embeddable":true,"href":"https:\/\/hilpharakaspood.ee\/en\/wp-json\/wp\/v2\/product_brand?post=2607"},{"taxonomy":"product_cat","embeddable":true,"href":"https:\/\/hilpharakaspood.ee\/en\/wp-json\/wp\/v2\/product_cat?post=2607"},{"taxonomy":"product_tag","embeddable":true,"href":"https:\/\/hilpharakaspood.ee\/en\/wp-json\/wp\/v2\/product_tag?post=2607"}],"curies":[{"name":"wp","href":"https:\/\/api.w.org\/{rel}","templated":true}]}}