{"id":2533,"date":"2026-04-23T12:42:07","date_gmt":"2026-04-23T12:42:07","guid":{"rendered":"https:\/\/hilpharakaspood.ee\/?post_type=product&#038;p=2533"},"modified":"2026-04-24T16:46:04","modified_gmt":"2026-04-24T16:46:04","slug":"hilpharakas-nahast-kaevoru-punane-tiigrisilm","status":"publish","type":"product","link":"https:\/\/hilpharakaspood.ee\/en\/product\/hilpharakas-nahast-kaevoru-punane-tiigrisilm\/","title":{"rendered":"Hilpharakas Nahast K\u00e4ev\u00f5ru &#8220;Punane Tiigrisilm&#8221;"},"content":{"rendered":"<p data-start=\"124\" data-end=\"191\"><strong data-start=\"124\" data-end=\"191\">Meeste ehtsast nahast k\u00e4ev\u00f5ru roostevabast terasest detailidega<\/strong><\/p>\n<p data-start=\"193\" data-end=\"481\">K\u00e4ev\u00f5ru koosneb kahest kihist: punase tiigrisilmakivi helmestring ja k\u00e4sitsi punitud ehtne nahkpael. Suletakse roostevabast terasest klapplukuga. Materjal on roostekindel, niiskuskindel ja h\u00fcpoallergeenne \u2014 sobib igap\u00e4evaseks kandmiseks ka aktiivse eluviisi juures.<\/p>","protected":false},"excerpt":{"rendered":"<p>Meeste ehtsast nahast k\u00e4ev\u00f5ru punase tiigrisilmakiviga ja roostevabast terasest detailidega<\/p>","protected":false},"featured_media":2527,"template":"","meta":[],"product_brand":[],"product_cat":[109,111,93],"product_tag":[],"class_list":{"0":"post-2533","1":"product","2":"type-product","3":"status-publish","4":"has-post-thumbnail","6":"product_cat-men-jewelry","7":"product_cat-men-bracelets","8":"product_cat-men","10":"first","11":"outofstock","12":"shipping-taxable","13":"purchasable","14":"product-type-variable"},"yoast_head":"<!-- This site is optimized with the Yoast SEO plugin v27.4 - https:\/\/yoast.com\/product\/yoast-seo-wordpress\/ -->\n<title>Hilpharakas Nahast K\u00e4ev\u00f5ru &quot;Punane Tiigrisilm&quot; - Hilpharakas<\/title>\n<meta name=\"description\" content=\"Men\u2019s genuine leather bracelet with a bold braided design and stainless steel clasp. Waterproof, rustproof, and made to last.\" \/>\n<meta name=\"robots\" content=\"index, follow, max-snippet:-1, max-image-preview:large, max-video-preview:-1\" \/>\n<link rel=\"canonical\" href=\"https:\/\/hilpharakaspood.ee\/en\/product\/hilpharakas-nahast-kaevoru-punane-tiigrisilm\/\" \/>\n<meta property=\"og:locale\" content=\"en_US\" \/>\n<meta property=\"og:type\" content=\"article\" \/>\n<meta property=\"og:title\" content=\"Hilpharakas Nahast K\u00e4ev\u00f5ru &quot;Punane Tiigrisilm&quot; - Hilpharakas\" \/>\n<meta property=\"og:description\" content=\"Men\u2019s genuine leather bracelet with a bold braided design and stainless steel clasp. Waterproof, rustproof, and made to last.\" \/>\n<meta property=\"og:url\" content=\"https:\/\/hilpharakaspood.ee\/en\/product\/hilpharakas-nahast-kaevoru-punane-tiigrisilm\/\" \/>\n<meta property=\"og:site_name\" content=\"Hilpharakas\" \/>\n<meta property=\"article:modified_time\" content=\"2026-04-24T16:46:04+00:00\" \/>\n<meta property=\"og:image\" content=\"https:\/\/hilpharakaspood.ee\/wp-content\/uploads\/2026\/04\/freepik_bracelet-on-pure-black-ba_2848665545-2.jpg\" \/>\n\t<meta property=\"og:image:width\" content=\"2048\" \/>\n\t<meta property=\"og:image:height\" content=\"2048\" \/>\n\t<meta property=\"og:image:type\" content=\"image\/jpeg\" \/>\n<meta name=\"twitter:card\" content=\"summary_large_image\" \/>\n<meta name=\"twitter:label1\" content=\"Est. reading time\" \/>\n\t<meta name=\"twitter:data1\" content=\"1 minute\" \/>\n<script type=\"application\/ld+json\" class=\"yoast-schema-graph\">{\"@context\":\"https:\\\/\\\/schema.org\",\"@graph\":[{\"@type\":\"WebPage\",\"@id\":\"https:\\\/\\\/hilpharakaspood.ee\\\/product\\\/hilpharakas-nahast-kaevoru-punane-tiigrisilm\\\/\",\"url\":\"https:\\\/\\\/hilpharakaspood.ee\\\/product\\\/hilpharakas-nahast-kaevoru-punane-tiigrisilm\\\/\",\"name\":\"Hilpharakas Nahast K\u00e4ev\u00f5ru \\\"Punane Tiigrisilm\\\" - Hilpharakas\",\"isPartOf\":{\"@id\":\"https:\\\/\\\/hilpharakaspood.ee\\\/#website\"},\"primaryImageOfPage\":{\"@id\":\"https:\\\/\\\/hilpharakaspood.ee\\\/product\\\/hilpharakas-nahast-kaevoru-punane-tiigrisilm\\\/#primaryimage\"},\"image\":{\"@id\":\"https:\\\/\\\/hilpharakaspood.ee\\\/product\\\/hilpharakas-nahast-kaevoru-punane-tiigrisilm\\\/#primaryimage\"},\"thumbnailUrl\":\"https:\\\/\\\/hilpharakaspood.ee\\\/wp-content\\\/uploads\\\/2026\\\/04\\\/freepik_bracelet-on-pure-black-ba_2848665545-2.jpg\",\"datePublished\":\"2026-04-23T12:42:07+00:00\",\"dateModified\":\"2026-04-24T16:46:04+00:00\",\"description\":\"Men\u2019s genuine leather bracelet with a bold braided design and stainless steel clasp. Waterproof, rustproof, and made to last.\",\"breadcrumb\":{\"@id\":\"https:\\\/\\\/hilpharakaspood.ee\\\/product\\\/hilpharakas-nahast-kaevoru-punane-tiigrisilm\\\/#breadcrumb\"},\"inLanguage\":\"en-US\",\"potentialAction\":[{\"@type\":\"ReadAction\",\"target\":[\"https:\\\/\\\/hilpharakaspood.ee\\\/product\\\/hilpharakas-nahast-kaevoru-punane-tiigrisilm\\\/\"]}]},{\"@type\":\"ImageObject\",\"inLanguage\":\"en-US\",\"@id\":\"https:\\\/\\\/hilpharakaspood.ee\\\/product\\\/hilpharakas-nahast-kaevoru-punane-tiigrisilm\\\/#primaryimage\",\"url\":\"https:\\\/\\\/hilpharakaspood.ee\\\/wp-content\\\/uploads\\\/2026\\\/04\\\/freepik_bracelet-on-pure-black-ba_2848665545-2.jpg\",\"contentUrl\":\"https:\\\/\\\/hilpharakaspood.ee\\\/wp-content\\\/uploads\\\/2026\\\/04\\\/freepik_bracelet-on-pure-black-ba_2848665545-2.jpg\",\"width\":2048,\"height\":2048,\"caption\":\"Punase tiigrisilmakivi ja pruuni nahaga meeste k\u00e4ev\u00f5ru dramaatilise musta tausta ja \u00fclavalgustatusega\"},{\"@type\":\"BreadcrumbList\",\"@id\":\"https:\\\/\\\/hilpharakaspood.ee\\\/product\\\/hilpharakas-nahast-kaevoru-punane-tiigrisilm\\\/#breadcrumb\",\"itemListElement\":[{\"@type\":\"ListItem\",\"position\":1,\"name\":\"Home\",\"item\":\"https:\\\/\\\/hilpharakaspood.ee\\\/\"},{\"@type\":\"ListItem\",\"position\":2,\"name\":\"Shop\",\"item\":\"https:\\\/\\\/hilpharakaspood.ee\\\/shop\\\/\"},{\"@type\":\"ListItem\",\"position\":3,\"name\":\"Hilpharakas Nahast K\u00e4ev\u00f5ru &#8220;Punane Tiigrisilm&#8221;\"}]},{\"@type\":\"WebSite\",\"@id\":\"https:\\\/\\\/hilpharakaspood.ee\\\/#website\",\"url\":\"https:\\\/\\\/hilpharakaspood.ee\\\/\",\"name\":\"Hilpharakas\",\"description\":\"Eesti ainus alternatiivmoe kaubamaja\",\"publisher\":{\"@id\":\"https:\\\/\\\/hilpharakaspood.ee\\\/#organization\"},\"potentialAction\":[{\"@type\":\"SearchAction\",\"target\":{\"@type\":\"EntryPoint\",\"urlTemplate\":\"https:\\\/\\\/hilpharakaspood.ee\\\/?s={search_term_string}\"},\"query-input\":{\"@type\":\"PropertyValueSpecification\",\"valueRequired\":true,\"valueName\":\"search_term_string\"}}],\"inLanguage\":\"en-US\"},{\"@type\":\"Organization\",\"@id\":\"https:\\\/\\\/hilpharakaspood.ee\\\/#organization\",\"name\":\"Hilpharakas\",\"url\":\"https:\\\/\\\/hilpharakaspood.ee\\\/\",\"logo\":{\"@type\":\"ImageObject\",\"inLanguage\":\"en-US\",\"@id\":\"https:\\\/\\\/hilpharakaspood.ee\\\/#\\\/schema\\\/logo\\\/image\\\/\",\"url\":\"https:\\\/\\\/hilpharakaspood.ee\\\/wp-content\\\/uploads\\\/2026\\\/03\\\/11-e1774551401566.png\",\"contentUrl\":\"https:\\\/\\\/hilpharakaspood.ee\\\/wp-content\\\/uploads\\\/2026\\\/03\\\/11-e1774551401566.png\",\"width\":1000,\"height\":215,\"caption\":\"Hilpharakas\"},\"image\":{\"@id\":\"https:\\\/\\\/hilpharakaspood.ee\\\/#\\\/schema\\\/logo\\\/image\\\/\"}}]}<\/script>\n<!-- \/ Yoast SEO plugin. -->","yoast_head_json":{"title":"Hilpharakas Nahast K\u00e4ev\u00f5ru \"Punane Tiigrisilm\" - Hilpharakas","description":"Men\u2019s genuine leather bracelet with a bold braided design and stainless steel clasp. Waterproof, rustproof, and made to last.","robots":{"index":"index","follow":"follow","max-snippet":"max-snippet:-1","max-image-preview":"max-image-preview:large","max-video-preview":"max-video-preview:-1"},"canonical":"https:\/\/hilpharakaspood.ee\/en\/product\/hilpharakas-nahast-kaevoru-punane-tiigrisilm\/","og_locale":"en_US","og_type":"article","og_title":"Hilpharakas Nahast K\u00e4ev\u00f5ru \"Punane Tiigrisilm\" - Hilpharakas","og_description":"Men\u2019s genuine leather bracelet with a bold braided design and stainless steel clasp. Waterproof, rustproof, and made to last.","og_url":"https:\/\/hilpharakaspood.ee\/en\/product\/hilpharakas-nahast-kaevoru-punane-tiigrisilm\/","og_site_name":"Hilpharakas","article_modified_time":"2026-04-24T16:46:04+00:00","og_image":[{"width":2048,"height":2048,"url":"https:\/\/hilpharakaspood.ee\/wp-content\/uploads\/2026\/04\/freepik_bracelet-on-pure-black-ba_2848665545-2.jpg","type":"image\/jpeg"}],"twitter_card":"summary_large_image","twitter_misc":{"Est. reading time":"1 minute"},"schema":{"@context":"https:\/\/schema.org","@graph":[{"@type":"WebPage","@id":"https:\/\/hilpharakaspood.ee\/product\/hilpharakas-nahast-kaevoru-punane-tiigrisilm\/","url":"https:\/\/hilpharakaspood.ee\/product\/hilpharakas-nahast-kaevoru-punane-tiigrisilm\/","name":"Hilpharakas Nahast K\u00e4ev\u00f5ru \"Punane Tiigrisilm\" - Hilpharakas","isPartOf":{"@id":"https:\/\/hilpharakaspood.ee\/#website"},"primaryImageOfPage":{"@id":"https:\/\/hilpharakaspood.ee\/product\/hilpharakas-nahast-kaevoru-punane-tiigrisilm\/#primaryimage"},"image":{"@id":"https:\/\/hilpharakaspood.ee\/product\/hilpharakas-nahast-kaevoru-punane-tiigrisilm\/#primaryimage"},"thumbnailUrl":"https:\/\/hilpharakaspood.ee\/wp-content\/uploads\/2026\/04\/freepik_bracelet-on-pure-black-ba_2848665545-2.jpg","datePublished":"2026-04-23T12:42:07+00:00","dateModified":"2026-04-24T16:46:04+00:00","description":"Men\u2019s genuine leather bracelet with a bold braided design and stainless steel clasp. Waterproof, rustproof, and made to last.","breadcrumb":{"@id":"https:\/\/hilpharakaspood.ee\/product\/hilpharakas-nahast-kaevoru-punane-tiigrisilm\/#breadcrumb"},"inLanguage":"en-US","potentialAction":[{"@type":"ReadAction","target":["https:\/\/hilpharakaspood.ee\/product\/hilpharakas-nahast-kaevoru-punane-tiigrisilm\/"]}]},{"@type":"ImageObject","inLanguage":"en-US","@id":"https:\/\/hilpharakaspood.ee\/product\/hilpharakas-nahast-kaevoru-punane-tiigrisilm\/#primaryimage","url":"https:\/\/hilpharakaspood.ee\/wp-content\/uploads\/2026\/04\/freepik_bracelet-on-pure-black-ba_2848665545-2.jpg","contentUrl":"https:\/\/hilpharakaspood.ee\/wp-content\/uploads\/2026\/04\/freepik_bracelet-on-pure-black-ba_2848665545-2.jpg","width":2048,"height":2048,"caption":"Punase tiigrisilmakivi ja pruuni nahaga meeste k\u00e4ev\u00f5ru dramaatilise musta tausta ja \u00fclavalgustatusega"},{"@type":"BreadcrumbList","@id":"https:\/\/hilpharakaspood.ee\/product\/hilpharakas-nahast-kaevoru-punane-tiigrisilm\/#breadcrumb","itemListElement":[{"@type":"ListItem","position":1,"name":"Home","item":"https:\/\/hilpharakaspood.ee\/"},{"@type":"ListItem","position":2,"name":"Shop","item":"https:\/\/hilpharakaspood.ee\/shop\/"},{"@type":"ListItem","position":3,"name":"Hilpharakas Nahast K\u00e4ev\u00f5ru &#8220;Punane Tiigrisilm&#8221;"}]},{"@type":"WebSite","@id":"https:\/\/hilpharakaspood.ee\/#website","url":"https:\/\/hilpharakaspood.ee\/","name":"Hilpharakas","description":"Eesti ainus alternatiivmoe kaubamaja","publisher":{"@id":"https:\/\/hilpharakaspood.ee\/#organization"},"potentialAction":[{"@type":"SearchAction","target":{"@type":"EntryPoint","urlTemplate":"https:\/\/hilpharakaspood.ee\/?s={search_term_string}"},"query-input":{"@type":"PropertyValueSpecification","valueRequired":true,"valueName":"search_term_string"}}],"inLanguage":"en-US"},{"@type":"Organization","@id":"https:\/\/hilpharakaspood.ee\/#organization","name":"Hilpharakas","url":"https:\/\/hilpharakaspood.ee\/","logo":{"@type":"ImageObject","inLanguage":"en-US","@id":"https:\/\/hilpharakaspood.ee\/#\/schema\/logo\/image\/","url":"https:\/\/hilpharakaspood.ee\/wp-content\/uploads\/2026\/03\/11-e1774551401566.png","contentUrl":"https:\/\/hilpharakaspood.ee\/wp-content\/uploads\/2026\/03\/11-e1774551401566.png","width":1000,"height":215,"caption":"Hilpharakas"},"image":{"@id":"https:\/\/hilpharakaspood.ee\/#\/schema\/logo\/image\/"}}]}},"jetpack_sharing_enabled":true,"_links":{"self":[{"href":"https:\/\/hilpharakaspood.ee\/en\/wp-json\/wp\/v2\/product\/2533","targetHints":{"allow":["GET"]}}],"collection":[{"href":"https:\/\/hilpharakaspood.ee\/en\/wp-json\/wp\/v2\/product"}],"about":[{"href":"https:\/\/hilpharakaspood.ee\/en\/wp-json\/wp\/v2\/types\/product"}],"wp:featuredmedia":[{"embeddable":true,"href":"https:\/\/hilpharakaspood.ee\/en\/wp-json\/wp\/v2\/media\/2527"}],"wp:attachment":[{"href":"https:\/\/hilpharakaspood.ee\/en\/wp-json\/wp\/v2\/media?parent=2533"}],"wp:term":[{"taxonomy":"product_brand","embeddable":true,"href":"https:\/\/hilpharakaspood.ee\/en\/wp-json\/wp\/v2\/product_brand?post=2533"},{"taxonomy":"product_cat","embeddable":true,"href":"https:\/\/hilpharakaspood.ee\/en\/wp-json\/wp\/v2\/product_cat?post=2533"},{"taxonomy":"product_tag","embeddable":true,"href":"https:\/\/hilpharakaspood.ee\/en\/wp-json\/wp\/v2\/product_tag?post=2533"}],"curies":[{"name":"wp","href":"https:\/\/api.w.org\/{rel}","templated":true}]}}