{"id":2259,"date":"2026-03-27T21:15:47","date_gmt":"2026-03-27T21:15:47","guid":{"rendered":"https:\/\/hilpharakaspood.ee\/?post_type=product&#038;p=2259"},"modified":"2026-04-23T15:06:33","modified_gmt":"2026-04-23T15:06:33","slug":"hilpharakas-leather-bracelet-triple-twist","status":"publish","type":"product","link":"https:\/\/hilpharakaspood.ee\/en\/product\/hilpharakas-leather-bracelet-triple-twist\/","title":{"rendered":"Hilpharakas nahast k\u00e4ev\u00f5ru &#8220;Triple Twist&#8221;"},"content":{"rendered":"<p data-start=\"0\" data-end=\"67\"><strong data-start=\"0\" data-end=\"67\">Meeste ehtsast nahast k\u00e4ev\u00f5ru roostevabast terasest detailidega<\/strong><\/p>\n<p data-start=\"69\" data-end=\"357\" data-is-last-node=\"\" data-is-only-node=\"\">See meeste k\u00e4ev\u00f5ru on valmistatud ehtsast nahast ja vastupidavast roostevabast terasest. See on roostekindel, niiskuskindel, higikindel ja h\u00fcpoallergeenne. Vastupidav igap\u00e4evaseks kandmiseks, ei tuhmu ega j\u00e4ta nahale rohelist v\u00e4rvi. Mugav kanda ja sobib ka tundlikule nahale.<\/p>","protected":false},"excerpt":{"rendered":"<p>Meeste k\u00e4ev\u00f5ru punutud nahaga ja tugeva roostevabast terasest kinnitusega. Vastupidav, niiskuskindel ning sobib ideaalselt igap\u00e4evaseks kandmiseks.<\/p>","protected":false},"featured_media":2519,"template":"","meta":[],"product_brand":[],"product_cat":[109,111,93,15],"product_tag":[24],"class_list":{"0":"post-2259","1":"product","2":"type-product","3":"status-publish","4":"has-post-thumbnail","6":"product_cat-men-jewelry","7":"product_cat-men-bracelets","8":"product_cat-men","9":"product_cat-uncategorized","10":"product_tag-black","12":"first","13":"instock","14":"shipping-taxable","15":"purchasable","16":"product-type-simple"},"yoast_head":"<!-- This site is optimized with the Yoast SEO plugin v27.4 - https:\/\/yoast.com\/product\/yoast-seo-wordpress\/ -->\n<title>Hilpharakas nahast k\u00e4ev\u00f5ru &quot;Triple Twist&quot; - Hilpharakas<\/title>\n<meta name=\"description\" content=\"Men\u2019s bracelet with bold braided leather and strong stainless steel clasp. Durable, waterproof, and perfect for everyday wear.\" \/>\n<meta name=\"robots\" content=\"index, follow, max-snippet:-1, max-image-preview:large, max-video-preview:-1\" \/>\n<link rel=\"canonical\" href=\"https:\/\/hilpharakaspood.ee\/en\/product\/hilpharakas-leather-bracelet-triple-twist\/\" \/>\n<meta property=\"og:locale\" content=\"en_US\" \/>\n<meta property=\"og:type\" content=\"article\" \/>\n<meta property=\"og:title\" content=\"Hilpharakas nahast k\u00e4ev\u00f5ru &quot;Triple Twist&quot; - Hilpharakas\" \/>\n<meta property=\"og:description\" content=\"Men\u2019s bracelet with bold braided leather and strong stainless steel clasp. Durable, waterproof, and perfect for everyday wear.\" \/>\n<meta property=\"og:url\" content=\"https:\/\/hilpharakaspood.ee\/en\/product\/hilpharakas-leather-bracelet-triple-twist\/\" \/>\n<meta property=\"og:site_name\" content=\"Hilpharakas\" \/>\n<meta property=\"article:modified_time\" content=\"2026-04-23T15:06:33+00:00\" \/>\n<meta property=\"og:image\" content=\"https:\/\/hilpharakaspood.ee\/wp-content\/uploads\/2026\/03\/Photoroom-20260420_174016910.jpg\" \/>\n\t<meta property=\"og:image:width\" content=\"1024\" \/>\n\t<meta property=\"og:image:height\" content=\"1024\" \/>\n\t<meta property=\"og:image:type\" content=\"image\/jpeg\" \/>\n<meta name=\"twitter:card\" content=\"summary_large_image\" \/>\n<meta name=\"twitter:label1\" content=\"Est. reading time\" \/>\n\t<meta name=\"twitter:data1\" content=\"1 minute\" \/>\n<script type=\"application\/ld+json\" class=\"yoast-schema-graph\">{\"@context\":\"https:\\\/\\\/schema.org\",\"@graph\":[{\"@type\":\"WebPage\",\"@id\":\"https:\\\/\\\/hilpharakaspood.ee\\\/product\\\/hilpharakas-leather-bracelet-triple-twist\\\/\",\"url\":\"https:\\\/\\\/hilpharakaspood.ee\\\/product\\\/hilpharakas-leather-bracelet-triple-twist\\\/\",\"name\":\"Hilpharakas nahast k\u00e4ev\u00f5ru \\\"Triple Twist\\\" - Hilpharakas\",\"isPartOf\":{\"@id\":\"https:\\\/\\\/hilpharakaspood.ee\\\/#website\"},\"primaryImageOfPage\":{\"@id\":\"https:\\\/\\\/hilpharakaspood.ee\\\/product\\\/hilpharakas-leather-bracelet-triple-twist\\\/#primaryimage\"},\"image\":{\"@id\":\"https:\\\/\\\/hilpharakaspood.ee\\\/product\\\/hilpharakas-leather-bracelet-triple-twist\\\/#primaryimage\"},\"thumbnailUrl\":\"https:\\\/\\\/hilpharakaspood.ee\\\/wp-content\\\/uploads\\\/2026\\\/03\\\/Photoroom-20260420_174016910.jpg\",\"datePublished\":\"2026-03-27T21:15:47+00:00\",\"dateModified\":\"2026-04-23T15:06:33+00:00\",\"description\":\"Men\u2019s bracelet with bold braided leather and strong stainless steel clasp. Durable, waterproof, and perfect for everyday wear.\",\"breadcrumb\":{\"@id\":\"https:\\\/\\\/hilpharakaspood.ee\\\/product\\\/hilpharakas-leather-bracelet-triple-twist\\\/#breadcrumb\"},\"inLanguage\":\"en-US\",\"potentialAction\":[{\"@type\":\"ReadAction\",\"target\":[\"https:\\\/\\\/hilpharakaspood.ee\\\/product\\\/hilpharakas-leather-bracelet-triple-twist\\\/\"]}]},{\"@type\":\"ImageObject\",\"inLanguage\":\"en-US\",\"@id\":\"https:\\\/\\\/hilpharakaspood.ee\\\/product\\\/hilpharakas-leather-bracelet-triple-twist\\\/#primaryimage\",\"url\":\"https:\\\/\\\/hilpharakaspood.ee\\\/wp-content\\\/uploads\\\/2026\\\/03\\\/Photoroom-20260420_174016910.jpg\",\"contentUrl\":\"https:\\\/\\\/hilpharakaspood.ee\\\/wp-content\\\/uploads\\\/2026\\\/03\\\/Photoroom-20260420_174016910.jpg\",\"width\":1024,\"height\":1024,\"caption\":\"Mitmekihiline must p\u00f5imitud nahkk\u00e4ev\u00f5ru h\u00f5bedase ristikaunistuse ja musta magnetlukuga valgel taustal\"},{\"@type\":\"BreadcrumbList\",\"@id\":\"https:\\\/\\\/hilpharakaspood.ee\\\/product\\\/hilpharakas-leather-bracelet-triple-twist\\\/#breadcrumb\",\"itemListElement\":[{\"@type\":\"ListItem\",\"position\":1,\"name\":\"Home\",\"item\":\"https:\\\/\\\/hilpharakaspood.ee\\\/\"},{\"@type\":\"ListItem\",\"position\":2,\"name\":\"Shop\",\"item\":\"https:\\\/\\\/hilpharakaspood.ee\\\/shop\\\/\"},{\"@type\":\"ListItem\",\"position\":3,\"name\":\"Hilpharakas nahast k\u00e4ev\u00f5ru &#8220;Triple Twist&#8221;\"}]},{\"@type\":\"WebSite\",\"@id\":\"https:\\\/\\\/hilpharakaspood.ee\\\/#website\",\"url\":\"https:\\\/\\\/hilpharakaspood.ee\\\/\",\"name\":\"Hilpharakas\",\"description\":\"Eesti ainus alternatiivmoe kaubamaja\",\"publisher\":{\"@id\":\"https:\\\/\\\/hilpharakaspood.ee\\\/#organization\"},\"potentialAction\":[{\"@type\":\"SearchAction\",\"target\":{\"@type\":\"EntryPoint\",\"urlTemplate\":\"https:\\\/\\\/hilpharakaspood.ee\\\/?s={search_term_string}\"},\"query-input\":{\"@type\":\"PropertyValueSpecification\",\"valueRequired\":true,\"valueName\":\"search_term_string\"}}],\"inLanguage\":\"en-US\"},{\"@type\":\"Organization\",\"@id\":\"https:\\\/\\\/hilpharakaspood.ee\\\/#organization\",\"name\":\"Hilpharakas\",\"url\":\"https:\\\/\\\/hilpharakaspood.ee\\\/\",\"logo\":{\"@type\":\"ImageObject\",\"inLanguage\":\"en-US\",\"@id\":\"https:\\\/\\\/hilpharakaspood.ee\\\/#\\\/schema\\\/logo\\\/image\\\/\",\"url\":\"https:\\\/\\\/hilpharakaspood.ee\\\/wp-content\\\/uploads\\\/2026\\\/03\\\/11-e1774551401566.png\",\"contentUrl\":\"https:\\\/\\\/hilpharakaspood.ee\\\/wp-content\\\/uploads\\\/2026\\\/03\\\/11-e1774551401566.png\",\"width\":1000,\"height\":215,\"caption\":\"Hilpharakas\"},\"image\":{\"@id\":\"https:\\\/\\\/hilpharakaspood.ee\\\/#\\\/schema\\\/logo\\\/image\\\/\"}}]}<\/script>\n<!-- \/ Yoast SEO plugin. -->","yoast_head_json":{"title":"Hilpharakas nahast k\u00e4ev\u00f5ru \"Triple Twist\" - Hilpharakas","description":"Men\u2019s bracelet with bold braided leather and strong stainless steel clasp. Durable, waterproof, and perfect for everyday wear.","robots":{"index":"index","follow":"follow","max-snippet":"max-snippet:-1","max-image-preview":"max-image-preview:large","max-video-preview":"max-video-preview:-1"},"canonical":"https:\/\/hilpharakaspood.ee\/en\/product\/hilpharakas-leather-bracelet-triple-twist\/","og_locale":"en_US","og_type":"article","og_title":"Hilpharakas nahast k\u00e4ev\u00f5ru \"Triple Twist\" - Hilpharakas","og_description":"Men\u2019s bracelet with bold braided leather and strong stainless steel clasp. Durable, waterproof, and perfect for everyday wear.","og_url":"https:\/\/hilpharakaspood.ee\/en\/product\/hilpharakas-leather-bracelet-triple-twist\/","og_site_name":"Hilpharakas","article_modified_time":"2026-04-23T15:06:33+00:00","og_image":[{"width":1024,"height":1024,"url":"https:\/\/hilpharakaspood.ee\/wp-content\/uploads\/2026\/03\/Photoroom-20260420_174016910.jpg","type":"image\/jpeg"}],"twitter_card":"summary_large_image","twitter_misc":{"Est. reading time":"1 minute"},"schema":{"@context":"https:\/\/schema.org","@graph":[{"@type":"WebPage","@id":"https:\/\/hilpharakaspood.ee\/product\/hilpharakas-leather-bracelet-triple-twist\/","url":"https:\/\/hilpharakaspood.ee\/product\/hilpharakas-leather-bracelet-triple-twist\/","name":"Hilpharakas nahast k\u00e4ev\u00f5ru \"Triple Twist\" - Hilpharakas","isPartOf":{"@id":"https:\/\/hilpharakaspood.ee\/#website"},"primaryImageOfPage":{"@id":"https:\/\/hilpharakaspood.ee\/product\/hilpharakas-leather-bracelet-triple-twist\/#primaryimage"},"image":{"@id":"https:\/\/hilpharakaspood.ee\/product\/hilpharakas-leather-bracelet-triple-twist\/#primaryimage"},"thumbnailUrl":"https:\/\/hilpharakaspood.ee\/wp-content\/uploads\/2026\/03\/Photoroom-20260420_174016910.jpg","datePublished":"2026-03-27T21:15:47+00:00","dateModified":"2026-04-23T15:06:33+00:00","description":"Men\u2019s bracelet with bold braided leather and strong stainless steel clasp. Durable, waterproof, and perfect for everyday wear.","breadcrumb":{"@id":"https:\/\/hilpharakaspood.ee\/product\/hilpharakas-leather-bracelet-triple-twist\/#breadcrumb"},"inLanguage":"en-US","potentialAction":[{"@type":"ReadAction","target":["https:\/\/hilpharakaspood.ee\/product\/hilpharakas-leather-bracelet-triple-twist\/"]}]},{"@type":"ImageObject","inLanguage":"en-US","@id":"https:\/\/hilpharakaspood.ee\/product\/hilpharakas-leather-bracelet-triple-twist\/#primaryimage","url":"https:\/\/hilpharakaspood.ee\/wp-content\/uploads\/2026\/03\/Photoroom-20260420_174016910.jpg","contentUrl":"https:\/\/hilpharakaspood.ee\/wp-content\/uploads\/2026\/03\/Photoroom-20260420_174016910.jpg","width":1024,"height":1024,"caption":"Mitmekihiline must p\u00f5imitud nahkk\u00e4ev\u00f5ru h\u00f5bedase ristikaunistuse ja musta magnetlukuga valgel taustal"},{"@type":"BreadcrumbList","@id":"https:\/\/hilpharakaspood.ee\/product\/hilpharakas-leather-bracelet-triple-twist\/#breadcrumb","itemListElement":[{"@type":"ListItem","position":1,"name":"Home","item":"https:\/\/hilpharakaspood.ee\/"},{"@type":"ListItem","position":2,"name":"Shop","item":"https:\/\/hilpharakaspood.ee\/shop\/"},{"@type":"ListItem","position":3,"name":"Hilpharakas nahast k\u00e4ev\u00f5ru &#8220;Triple Twist&#8221;"}]},{"@type":"WebSite","@id":"https:\/\/hilpharakaspood.ee\/#website","url":"https:\/\/hilpharakaspood.ee\/","name":"Hilpharakas","description":"Eesti ainus alternatiivmoe kaubamaja","publisher":{"@id":"https:\/\/hilpharakaspood.ee\/#organization"},"potentialAction":[{"@type":"SearchAction","target":{"@type":"EntryPoint","urlTemplate":"https:\/\/hilpharakaspood.ee\/?s={search_term_string}"},"query-input":{"@type":"PropertyValueSpecification","valueRequired":true,"valueName":"search_term_string"}}],"inLanguage":"en-US"},{"@type":"Organization","@id":"https:\/\/hilpharakaspood.ee\/#organization","name":"Hilpharakas","url":"https:\/\/hilpharakaspood.ee\/","logo":{"@type":"ImageObject","inLanguage":"en-US","@id":"https:\/\/hilpharakaspood.ee\/#\/schema\/logo\/image\/","url":"https:\/\/hilpharakaspood.ee\/wp-content\/uploads\/2026\/03\/11-e1774551401566.png","contentUrl":"https:\/\/hilpharakaspood.ee\/wp-content\/uploads\/2026\/03\/11-e1774551401566.png","width":1000,"height":215,"caption":"Hilpharakas"},"image":{"@id":"https:\/\/hilpharakaspood.ee\/#\/schema\/logo\/image\/"}}]}},"jetpack_sharing_enabled":true,"_links":{"self":[{"href":"https:\/\/hilpharakaspood.ee\/en\/wp-json\/wp\/v2\/product\/2259","targetHints":{"allow":["GET"]}}],"collection":[{"href":"https:\/\/hilpharakaspood.ee\/en\/wp-json\/wp\/v2\/product"}],"about":[{"href":"https:\/\/hilpharakaspood.ee\/en\/wp-json\/wp\/v2\/types\/product"}],"wp:featuredmedia":[{"embeddable":true,"href":"https:\/\/hilpharakaspood.ee\/en\/wp-json\/wp\/v2\/media\/2519"}],"wp:attachment":[{"href":"https:\/\/hilpharakaspood.ee\/en\/wp-json\/wp\/v2\/media?parent=2259"}],"wp:term":[{"taxonomy":"product_brand","embeddable":true,"href":"https:\/\/hilpharakaspood.ee\/en\/wp-json\/wp\/v2\/product_brand?post=2259"},{"taxonomy":"product_cat","embeddable":true,"href":"https:\/\/hilpharakaspood.ee\/en\/wp-json\/wp\/v2\/product_cat?post=2259"},{"taxonomy":"product_tag","embeddable":true,"href":"https:\/\/hilpharakaspood.ee\/en\/wp-json\/wp\/v2\/product_tag?post=2259"}],"curies":[{"name":"wp","href":"https:\/\/api.w.org\/{rel}","templated":true}]}}