{"id":2254,"date":"2026-03-27T21:15:46","date_gmt":"2026-03-27T21:15:46","guid":{"rendered":"https:\/\/hilpharakaspood.ee\/?post_type=product&#038;p=2254"},"modified":"2026-04-23T15:06:36","modified_gmt":"2026-04-23T15:06:36","slug":"hilpharakas-leather-bracelet-fusion-bead","status":"publish","type":"product","link":"https:\/\/hilpharakaspood.ee\/en\/product\/hilpharakas-leather-bracelet-fusion-bead\/","title":{"rendered":"Hilpharakas Nahast K\u00e4ev\u00f5ru &#8220;Fusion Bead&#8221;"},"content":{"rendered":"<p>See meeste k\u00e4ev\u00f5ru on valmistatud ehtsast nahast ja vastupidavast roostevabast terasest. See on roostekindel, niiskuskindel, higikindel ja h\u00fcpoallergeenne. Vastupidav igap\u00e4evaseks kandmiseks, ei tuhmu ega j\u00e4ta nahale rohelist v\u00e4rvi. Mugav kanda ja sobib ka tundlikule nahale.<\/p>","protected":false},"excerpt":{"rendered":"<p>Matt onyks mustad helmed koos p\u00f5imitud nahaga kihistatud v\u00e4ljan\u00e4gemise saavutamiseks.<\/p>","protected":false},"featured_media":2286,"template":"","meta":[],"product_brand":[],"product_cat":[109,111,93,15],"product_tag":[],"class_list":{"0":"post-2254","1":"product","2":"type-product","3":"status-publish","4":"has-post-thumbnail","6":"product_cat-men-jewelry","7":"product_cat-men-bracelets","8":"product_cat-men","9":"product_cat-uncategorized","11":"first","12":"instock","13":"shipping-taxable","14":"purchasable","15":"product-type-variable"},"yoast_head":"<!-- This site is optimized with the Yoast SEO plugin v27.4 - https:\/\/yoast.com\/product\/yoast-seo-wordpress\/ -->\n<title>Hilpharakas Nahast K\u00e4ev\u00f5ru &quot;Fusion Bead&quot; - Hilpharakas<\/title>\n<meta name=\"description\" content=\"Layered men\u2019s bracelet with matte black beads and braided leather. Stylish, durable, and comfortable for daily wear.\" \/>\n<meta name=\"robots\" content=\"index, follow, max-snippet:-1, max-image-preview:large, max-video-preview:-1\" \/>\n<link rel=\"canonical\" href=\"https:\/\/hilpharakaspood.ee\/en\/product\/hilpharakas-leather-bracelet-fusion-bead\/\" \/>\n<meta property=\"og:locale\" content=\"en_US\" \/>\n<meta property=\"og:type\" content=\"article\" \/>\n<meta property=\"og:title\" content=\"Hilpharakas Nahast K\u00e4ev\u00f5ru &quot;Fusion Bead&quot; - Hilpharakas\" \/>\n<meta property=\"og:description\" content=\"Layered men\u2019s bracelet with matte black beads and braided leather. Stylish, durable, and comfortable for daily wear.\" \/>\n<meta property=\"og:url\" content=\"https:\/\/hilpharakaspood.ee\/en\/product\/hilpharakas-leather-bracelet-fusion-bead\/\" \/>\n<meta property=\"og:site_name\" content=\"Hilpharakas\" \/>\n<meta property=\"article:modified_time\" content=\"2026-04-23T15:06:36+00:00\" \/>\n<meta property=\"og:image\" content=\"https:\/\/hilpharakaspood.ee\/wp-content\/uploads\/2026\/03\/DSC_3298-scaled-1.jpg\" \/>\n\t<meta property=\"og:image:width\" content=\"2560\" \/>\n\t<meta property=\"og:image:height\" content=\"2560\" \/>\n\t<meta property=\"og:image:type\" content=\"image\/jpeg\" \/>\n<meta name=\"twitter:card\" content=\"summary_large_image\" \/>\n<meta name=\"twitter:label1\" content=\"Est. reading time\" \/>\n\t<meta name=\"twitter:data1\" content=\"1 minute\" \/>\n<script type=\"application\/ld+json\" class=\"yoast-schema-graph\">{\"@context\":\"https:\\\/\\\/schema.org\",\"@graph\":[{\"@type\":\"WebPage\",\"@id\":\"https:\\\/\\\/hilpharakaspood.ee\\\/product\\\/hilpharakas-leather-bracelet-fusion-bead\\\/\",\"url\":\"https:\\\/\\\/hilpharakaspood.ee\\\/product\\\/hilpharakas-leather-bracelet-fusion-bead\\\/\",\"name\":\"Hilpharakas Nahast K\u00e4ev\u00f5ru \\\"Fusion Bead\\\" - Hilpharakas\",\"isPartOf\":{\"@id\":\"https:\\\/\\\/hilpharakaspood.ee\\\/#website\"},\"primaryImageOfPage\":{\"@id\":\"https:\\\/\\\/hilpharakaspood.ee\\\/product\\\/hilpharakas-leather-bracelet-fusion-bead\\\/#primaryimage\"},\"image\":{\"@id\":\"https:\\\/\\\/hilpharakaspood.ee\\\/product\\\/hilpharakas-leather-bracelet-fusion-bead\\\/#primaryimage\"},\"thumbnailUrl\":\"https:\\\/\\\/hilpharakaspood.ee\\\/wp-content\\\/uploads\\\/2026\\\/03\\\/DSC_3298-scaled-1.jpg\",\"datePublished\":\"2026-03-27T21:15:46+00:00\",\"dateModified\":\"2026-04-23T15:06:36+00:00\",\"description\":\"Layered men\u2019s bracelet with matte black beads and braided leather. Stylish, durable, and comfortable for daily wear.\",\"breadcrumb\":{\"@id\":\"https:\\\/\\\/hilpharakaspood.ee\\\/product\\\/hilpharakas-leather-bracelet-fusion-bead\\\/#breadcrumb\"},\"inLanguage\":\"en-US\",\"potentialAction\":[{\"@type\":\"ReadAction\",\"target\":[\"https:\\\/\\\/hilpharakaspood.ee\\\/product\\\/hilpharakas-leather-bracelet-fusion-bead\\\/\"]}]},{\"@type\":\"ImageObject\",\"inLanguage\":\"en-US\",\"@id\":\"https:\\\/\\\/hilpharakaspood.ee\\\/product\\\/hilpharakas-leather-bracelet-fusion-bead\\\/#primaryimage\",\"url\":\"https:\\\/\\\/hilpharakaspood.ee\\\/wp-content\\\/uploads\\\/2026\\\/03\\\/DSC_3298-scaled-1.jpg\",\"contentUrl\":\"https:\\\/\\\/hilpharakaspood.ee\\\/wp-content\\\/uploads\\\/2026\\\/03\\\/DSC_3298-scaled-1.jpg\",\"width\":2560,\"height\":2560},{\"@type\":\"BreadcrumbList\",\"@id\":\"https:\\\/\\\/hilpharakaspood.ee\\\/product\\\/hilpharakas-leather-bracelet-fusion-bead\\\/#breadcrumb\",\"itemListElement\":[{\"@type\":\"ListItem\",\"position\":1,\"name\":\"Home\",\"item\":\"https:\\\/\\\/hilpharakaspood.ee\\\/\"},{\"@type\":\"ListItem\",\"position\":2,\"name\":\"Shop\",\"item\":\"https:\\\/\\\/hilpharakaspood.ee\\\/shop\\\/\"},{\"@type\":\"ListItem\",\"position\":3,\"name\":\"Hilpharakas Nahast K\u00e4ev\u00f5ru &#8220;Fusion Bead&#8221;\"}]},{\"@type\":\"WebSite\",\"@id\":\"https:\\\/\\\/hilpharakaspood.ee\\\/#website\",\"url\":\"https:\\\/\\\/hilpharakaspood.ee\\\/\",\"name\":\"Hilpharakas\",\"description\":\"Eesti ainus alternatiivmoe kaubamaja\",\"publisher\":{\"@id\":\"https:\\\/\\\/hilpharakaspood.ee\\\/#organization\"},\"potentialAction\":[{\"@type\":\"SearchAction\",\"target\":{\"@type\":\"EntryPoint\",\"urlTemplate\":\"https:\\\/\\\/hilpharakaspood.ee\\\/?s={search_term_string}\"},\"query-input\":{\"@type\":\"PropertyValueSpecification\",\"valueRequired\":true,\"valueName\":\"search_term_string\"}}],\"inLanguage\":\"en-US\"},{\"@type\":\"Organization\",\"@id\":\"https:\\\/\\\/hilpharakaspood.ee\\\/#organization\",\"name\":\"Hilpharakas\",\"url\":\"https:\\\/\\\/hilpharakaspood.ee\\\/\",\"logo\":{\"@type\":\"ImageObject\",\"inLanguage\":\"en-US\",\"@id\":\"https:\\\/\\\/hilpharakaspood.ee\\\/#\\\/schema\\\/logo\\\/image\\\/\",\"url\":\"https:\\\/\\\/hilpharakaspood.ee\\\/wp-content\\\/uploads\\\/2026\\\/03\\\/11-e1774551401566.png\",\"contentUrl\":\"https:\\\/\\\/hilpharakaspood.ee\\\/wp-content\\\/uploads\\\/2026\\\/03\\\/11-e1774551401566.png\",\"width\":1000,\"height\":215,\"caption\":\"Hilpharakas\"},\"image\":{\"@id\":\"https:\\\/\\\/hilpharakaspood.ee\\\/#\\\/schema\\\/logo\\\/image\\\/\"}}]}<\/script>\n<!-- \/ Yoast SEO plugin. -->","yoast_head_json":{"title":"Hilpharakas Nahast K\u00e4ev\u00f5ru \"Fusion Bead\" - Hilpharakas","description":"Layered men\u2019s bracelet with matte black beads and braided leather. Stylish, durable, and comfortable for daily wear.","robots":{"index":"index","follow":"follow","max-snippet":"max-snippet:-1","max-image-preview":"max-image-preview:large","max-video-preview":"max-video-preview:-1"},"canonical":"https:\/\/hilpharakaspood.ee\/en\/product\/hilpharakas-leather-bracelet-fusion-bead\/","og_locale":"en_US","og_type":"article","og_title":"Hilpharakas Nahast K\u00e4ev\u00f5ru \"Fusion Bead\" - Hilpharakas","og_description":"Layered men\u2019s bracelet with matte black beads and braided leather. Stylish, durable, and comfortable for daily wear.","og_url":"https:\/\/hilpharakaspood.ee\/en\/product\/hilpharakas-leather-bracelet-fusion-bead\/","og_site_name":"Hilpharakas","article_modified_time":"2026-04-23T15:06:36+00:00","og_image":[{"width":2560,"height":2560,"url":"https:\/\/hilpharakaspood.ee\/wp-content\/uploads\/2026\/03\/DSC_3298-scaled-1.jpg","type":"image\/jpeg"}],"twitter_card":"summary_large_image","twitter_misc":{"Est. reading time":"1 minute"},"schema":{"@context":"https:\/\/schema.org","@graph":[{"@type":"WebPage","@id":"https:\/\/hilpharakaspood.ee\/product\/hilpharakas-leather-bracelet-fusion-bead\/","url":"https:\/\/hilpharakaspood.ee\/product\/hilpharakas-leather-bracelet-fusion-bead\/","name":"Hilpharakas Nahast K\u00e4ev\u00f5ru \"Fusion Bead\" - Hilpharakas","isPartOf":{"@id":"https:\/\/hilpharakaspood.ee\/#website"},"primaryImageOfPage":{"@id":"https:\/\/hilpharakaspood.ee\/product\/hilpharakas-leather-bracelet-fusion-bead\/#primaryimage"},"image":{"@id":"https:\/\/hilpharakaspood.ee\/product\/hilpharakas-leather-bracelet-fusion-bead\/#primaryimage"},"thumbnailUrl":"https:\/\/hilpharakaspood.ee\/wp-content\/uploads\/2026\/03\/DSC_3298-scaled-1.jpg","datePublished":"2026-03-27T21:15:46+00:00","dateModified":"2026-04-23T15:06:36+00:00","description":"Layered men\u2019s bracelet with matte black beads and braided leather. Stylish, durable, and comfortable for daily wear.","breadcrumb":{"@id":"https:\/\/hilpharakaspood.ee\/product\/hilpharakas-leather-bracelet-fusion-bead\/#breadcrumb"},"inLanguage":"en-US","potentialAction":[{"@type":"ReadAction","target":["https:\/\/hilpharakaspood.ee\/product\/hilpharakas-leather-bracelet-fusion-bead\/"]}]},{"@type":"ImageObject","inLanguage":"en-US","@id":"https:\/\/hilpharakaspood.ee\/product\/hilpharakas-leather-bracelet-fusion-bead\/#primaryimage","url":"https:\/\/hilpharakaspood.ee\/wp-content\/uploads\/2026\/03\/DSC_3298-scaled-1.jpg","contentUrl":"https:\/\/hilpharakaspood.ee\/wp-content\/uploads\/2026\/03\/DSC_3298-scaled-1.jpg","width":2560,"height":2560},{"@type":"BreadcrumbList","@id":"https:\/\/hilpharakaspood.ee\/product\/hilpharakas-leather-bracelet-fusion-bead\/#breadcrumb","itemListElement":[{"@type":"ListItem","position":1,"name":"Home","item":"https:\/\/hilpharakaspood.ee\/"},{"@type":"ListItem","position":2,"name":"Shop","item":"https:\/\/hilpharakaspood.ee\/shop\/"},{"@type":"ListItem","position":3,"name":"Hilpharakas Nahast K\u00e4ev\u00f5ru &#8220;Fusion Bead&#8221;"}]},{"@type":"WebSite","@id":"https:\/\/hilpharakaspood.ee\/#website","url":"https:\/\/hilpharakaspood.ee\/","name":"Hilpharakas","description":"Eesti ainus alternatiivmoe kaubamaja","publisher":{"@id":"https:\/\/hilpharakaspood.ee\/#organization"},"potentialAction":[{"@type":"SearchAction","target":{"@type":"EntryPoint","urlTemplate":"https:\/\/hilpharakaspood.ee\/?s={search_term_string}"},"query-input":{"@type":"PropertyValueSpecification","valueRequired":true,"valueName":"search_term_string"}}],"inLanguage":"en-US"},{"@type":"Organization","@id":"https:\/\/hilpharakaspood.ee\/#organization","name":"Hilpharakas","url":"https:\/\/hilpharakaspood.ee\/","logo":{"@type":"ImageObject","inLanguage":"en-US","@id":"https:\/\/hilpharakaspood.ee\/#\/schema\/logo\/image\/","url":"https:\/\/hilpharakaspood.ee\/wp-content\/uploads\/2026\/03\/11-e1774551401566.png","contentUrl":"https:\/\/hilpharakaspood.ee\/wp-content\/uploads\/2026\/03\/11-e1774551401566.png","width":1000,"height":215,"caption":"Hilpharakas"},"image":{"@id":"https:\/\/hilpharakaspood.ee\/#\/schema\/logo\/image\/"}}]}},"jetpack_sharing_enabled":true,"_links":{"self":[{"href":"https:\/\/hilpharakaspood.ee\/en\/wp-json\/wp\/v2\/product\/2254","targetHints":{"allow":["GET"]}}],"collection":[{"href":"https:\/\/hilpharakaspood.ee\/en\/wp-json\/wp\/v2\/product"}],"about":[{"href":"https:\/\/hilpharakaspood.ee\/en\/wp-json\/wp\/v2\/types\/product"}],"wp:featuredmedia":[{"embeddable":true,"href":"https:\/\/hilpharakaspood.ee\/en\/wp-json\/wp\/v2\/media\/2286"}],"wp:attachment":[{"href":"https:\/\/hilpharakaspood.ee\/en\/wp-json\/wp\/v2\/media?parent=2254"}],"wp:term":[{"taxonomy":"product_brand","embeddable":true,"href":"https:\/\/hilpharakaspood.ee\/en\/wp-json\/wp\/v2\/product_brand?post=2254"},{"taxonomy":"product_cat","embeddable":true,"href":"https:\/\/hilpharakaspood.ee\/en\/wp-json\/wp\/v2\/product_cat?post=2254"},{"taxonomy":"product_tag","embeddable":true,"href":"https:\/\/hilpharakaspood.ee\/en\/wp-json\/wp\/v2\/product_tag?post=2254"}],"curies":[{"name":"wp","href":"https:\/\/api.w.org\/{rel}","templated":true}]}}